{"id":5803,"date":"2021-01-09T22:42:13","date_gmt":"2021-01-09T21:42:13","guid":{"rendered":"https:\/\/latvanyosnyitotanc.hu\/sluzba-dj\/"},"modified":"2026-04-08T21:55:11","modified_gmt":"2026-04-08T19:55:11","slug":"sluzba-dj","status":"publish","type":"page","link":"https:\/\/latvanyosnyitotanc.hu\/sk\/sluzba-dj\/","title":{"rendered":"Slu\u017eba DJ"},"content":{"rendered":"\t\t<div data-elementor-type=\"wp-page\" data-elementor-id=\"5803\" class=\"elementor elementor-5803 elementor-1560\" data-elementor-post-type=\"page\">\n\t\t\t\t\t\t<section class=\"elementor-section elementor-top-section elementor-element elementor-element-9e5ee64 elementor-section-boxed elementor-section-height-default elementor-section-height-default\" data-id=\"9e5ee64\" data-element_type=\"section\" data-e-type=\"section\" data-settings=\"{&quot;shape_divider_top&quot;:&quot;triangle&quot;}\">\n\t\t\t\t\t<div class=\"elementor-shape elementor-shape-top\" aria-hidden=\"true\" data-negative=\"false\">\n\t\t\t<svg xmlns=\"http:\/\/www.w3.org\/2000\/svg\" viewBox=\"0 0 1000 100\" preserveAspectRatio=\"none\">\n\t<path class=\"elementor-shape-fill\" d=\"M500,98.9L0,6.1V0h1000v6.1L500,98.9z\"\/>\n<\/svg>\t\t<\/div>\n\t\t\t\t\t<div class=\"elementor-container elementor-column-gap-default\">\n\t\t\t\t\t<div class=\"elementor-column elementor-col-100 elementor-top-column elementor-element elementor-element-bd83fb3\" data-id=\"bd83fb3\" data-element_type=\"column\" data-e-type=\"column\">\n\t\t\t<div class=\"elementor-widget-wrap elementor-element-populated\">\n\t\t\t\t\t\t<div class=\"elementor-element elementor-element-3787ac2 elementor-widget elementor-widget-uael-hotspot\" data-id=\"3787ac2\" data-element_type=\"widget\" data-e-type=\"widget\" data-settings=\"{&quot;position&quot;:&quot;bottom&quot;,&quot;trigger&quot;:&quot;hover&quot;}\" data-widget_type=\"uael-hotspot.default\">\n\t\t\t\t<div class=\"elementor-widget-container\">\n\t\t\t\t\t\n\t\t<div class=\"uael-hotspot  uael-hotspot-tooltip-yes \">\n\t\t\t<img fetchpriority=\"high\" decoding=\"async\" width=\"1932\" height=\"1092\" src=\"https:\/\/latvanyosnyitotanc.hu\/wp-content\/uploads\/2021\/01\/rendezveny-dj-pult-renezvenydj.jpg\" class=\"attachment-full size-full wp-image-1568\" alt=\"Rendezv\u00e9ny DJ Modern DJ pult az esk\u00fcv\u0151re\" title=\"\" srcset=\"https:\/\/latvanyosnyitotanc.hu\/wp-content\/uploads\/2021\/01\/rendezveny-dj-pult-renezvenydj.jpg 1932w, https:\/\/latvanyosnyitotanc.hu\/wp-content\/uploads\/2021\/01\/rendezveny-dj-pult-renezvenydj-700x396.jpg 700w, https:\/\/latvanyosnyitotanc.hu\/wp-content\/uploads\/2021\/01\/rendezveny-dj-pult-renezvenydj-1024x579.jpg 1024w, https:\/\/latvanyosnyitotanc.hu\/wp-content\/uploads\/2021\/01\/rendezveny-dj-pult-renezvenydj-768x434.jpg 768w, https:\/\/latvanyosnyitotanc.hu\/wp-content\/uploads\/2021\/01\/rendezveny-dj-pult-renezvenydj-1536x868.jpg 1536w\" sizes=\"(max-width: 1932px) 100vw, 1932px\" \/>\t\t\t\n\t\t\t<div class=\"uael-hotspot-container\" data-side=\"bottom\" data-hotspottrigger=\"hover\" data-arrow=\"true\" data-distance=\"6\" data-delay=\"300\" data-animation=\"fade\" data-animduration=\"350\" data-zindex=\"99\" data-length=\"8\" data-autoplay=\"\" data-repeat=\"\" data-tourinterval=\"4000\" data-overlay=\"\" data-autoaction=\"\" data-hotspotviewport=\"90\" data-tooltip-maxwidth=\"250\" data-tooltip-minwidth=\"0\" >\n\n\t\t\t\t\t\t\t\t\t\t\t\t\t\t<span class=\"uael-tooltip elementor-repeater-item-5b4a854\">\n\t\t\t\t\t\t<span class=\"uael-hotspot-main-3787ac2 uael-hotspot-content uael-hotspot-anim \" id=\"uael-tooltip-id-3787ac2-1\" data-uaeltour=\"1\" data-tooltip-content=\"#uael-tooltip-content-3787ac2-5b4a854\">\n\t\t\t\t\t\t\t<i aria-hidden=\"true\" class=\"fas fa-volume-up\"><\/i>\t\t\t\t\t\t<\/span>\n\t\t\t\t\t<\/span>\n\t\t\t\t\t\n\t\t\t\t\t\t\t\t\t\t\t\t\t\t\t\t<span class=\"uael-tooltip-container\">\n\t\t\t\t\t\t\t<span class=\"uael-tooltip-text uael-tour-inactive\" id=\"uael-tooltip-content-3787ac2-5b4a854\"><p><strong>Subwoofer QSC<\/p>\n<p><\/strong><\/p>\n<p>Pro \u0161pi\u010dkov\u00fd zvuk <br \/>2000 W<br \/>&#8222;Ak chcete rozbi\u0165 dom&#8220; \ud83d\ude42<\/p>\n<p><a style=\"color: #0645ad\" href=\"https:\/\/latvanyosnyitotanc.hu\/sk\/zvukova-technika\/\" target=\"_blank\" rel=\"noopener\">\u010c\u00edtaj viac!<\/a><\/p>\n\t\t\t\t\t\t\t\t<span class=\"uael-tour\"><span class=\"uael-actual-step\">1 of 8<\/span><ul><li><a href=\"#0\" class=\"uael-prev-3787ac2\" data-tooltipid=\"1\">&#171; Previous<\/a><\/li><li><a href=\"#0\" class=\"uael-next-3787ac2\" data-tooltipid=\"1\">Next &#187;<\/a><\/li><\/ul><\/span>\n\t\t\t\t\t\t\t\t\t\t\t\t\t\t\t<\/span>\n\t\t\t\t\t\t<\/span>\n\t\t\t\t\t\t\t\t\t\t\t\t\t\t\t\t\t\t\t\t<span class=\"uael-tooltip elementor-repeater-item-c4186cf\">\n\t\t\t\t\t\t<span class=\"uael-hotspot-main-3787ac2 uael-hotspot-content uael-hotspot-anim \" id=\"uael-tooltip-id-3787ac2-2\" data-uaeltour=\"2\" data-tooltip-content=\"#uael-tooltip-content-3787ac2-c4186cf\">\n\t\t\t\t\t\t\t<i aria-hidden=\"true\" class=\"fas fa-volume-up\"><\/i>\t\t\t\t\t\t<\/span>\n\t\t\t\t\t<\/span>\n\t\t\t\t\t\n\t\t\t\t\t\t\t\t\t\t\t\t\t\t\t\t<span class=\"uael-tooltip-container\">\n\t\t\t\t\t\t\t<span class=\"uael-tooltip-text uael-tour-inactive\" id=\"uael-tooltip-content-3787ac2-c4186cf\"><p><strong>Reproduktory QSC<\/strong><\/p>\n<p>V\u00fdznamn\u00fd reproduktorov\u00fd syst\u00e9m QSC s\u00e9rie K<br \/>priniesol poriadok medzi<br \/>akt\u00edvne reproduktory.<br \/>Okrem 2&#215;2000 W,<br \/>sa vyzna\u010duje vynikaj\u00facou<br \/>vernos\u0165ou zvuku, vysokou<br \/>technickou \u00farov\u0148ou a<br \/>vysok\u00fdm v\u00fdkonom.<\/p>\n<p><a style=\"color: #0645ad\" href=\"https:\/\/latvanyosnyitotanc.hu\/sk\/zvukova-technika\/\" target=\"_blank\" rel=\"noopener\">\u010c\u00edtaj viac!<\/a><\/p>\n\t\t\t\t\t\t\t\t<span class=\"uael-tour\"><span class=\"uael-actual-step\">2 of 8<\/span><ul><li><a href=\"#0\" class=\"uael-prev-3787ac2\" data-tooltipid=\"2\">&#171; Previous<\/a><\/li><li><a href=\"#0\" class=\"uael-next-3787ac2\" data-tooltipid=\"2\">Next &#187;<\/a><\/li><\/ul><\/span>\n\t\t\t\t\t\t\t\t\t\t\t\t\t\t\t<\/span>\n\t\t\t\t\t\t<\/span>\n\t\t\t\t\t\t\t\t\t\t\t\t\t\t\t\t\t\t\t\t<span class=\"uael-tooltip elementor-repeater-item-2a66208\">\n\t\t\t\t\t\t<span class=\"uael-hotspot-main-3787ac2 uael-hotspot-content uael-hotspot-anim \" id=\"uael-tooltip-id-3787ac2-3\" data-uaeltour=\"3\" data-tooltip-content=\"#uael-tooltip-content-3787ac2-2a66208\">\n\t\t\t\t\t\t\t<i aria-hidden=\"true\" class=\"fas fa-headphones\"><\/i>\t\t\t\t\t\t<\/span>\n\t\t\t\t\t<\/span>\n\t\t\t\t\t\n\t\t\t\t\t\t\t\t\t\t\t\t\t\t\t\t<span class=\"uael-tooltip-container\">\n\t\t\t\t\t\t\t<span class=\"uael-tooltip-text uael-tour-inactive\" id=\"uael-tooltip-content-3787ac2-2a66208\"><p><strong>DJ podujatia<\/strong><\/p>\n<p>H\u013ead\u00e1te sk\u00fasen\u00e9ho DJ-a, ktor\u00fd v\u00e1m<br \/>zabezpe\u010d\u00ed hudbu a dobr\u00fa<br \/>atmosf\u00e9ru? Niekto, kto prevezme<br \/>ve\u010dierok s kompletn\u00fdm<br \/>vybaven\u00edm, ozvu\u010den\u00edm a<br \/>osvetlen\u00edm? Niekto, kto polo\u017e\u00ed<br \/>z\u00e1klady a udr\u017e\u00ed atmosf\u00e9ru na<br \/>maxim\u00e1lnej \u00farovni? Niekto, kto<br \/>spln\u00ed ak\u00fako\u013evek hudobn\u00fa<br \/>po\u017eiadavku?   <\/p>\n<p><a style=\"color: #0645ad\" href=\"https:\/\/www.rendezvenydj.com\/en\/wedding-dj-2\/\" target=\"_blank\" rel=\"noopener\">\u010c\u00edtaj viac!<\/a><\/p>\n\t\t\t\t\t\t\t\t<span class=\"uael-tour\"><span class=\"uael-actual-step\">3 of 8<\/span><ul><li><a href=\"#0\" class=\"uael-prev-3787ac2\" data-tooltipid=\"3\">&#171; Previous<\/a><\/li><li><a href=\"#0\" class=\"uael-next-3787ac2\" data-tooltipid=\"3\">Next &#187;<\/a><\/li><\/ul><\/span>\n\t\t\t\t\t\t\t\t\t\t\t\t\t\t\t<\/span>\n\t\t\t\t\t\t<\/span>\n\t\t\t\t\t\t\t\t\t\t\t\t\t\t\t\t\t\t\t\t<span class=\"uael-tooltip elementor-repeater-item-45c810c\">\n\t\t\t\t\t\t<span class=\"uael-hotspot-main-3787ac2 uael-hotspot-content uael-hotspot-anim \" id=\"uael-tooltip-id-3787ac2-4\" data-uaeltour=\"4\" data-tooltip-content=\"#uael-tooltip-content-3787ac2-45c810c\">\n\t\t\t\t\t\t\t<i aria-hidden=\"true\" class=\"far fa-lightbulb\"><\/i>\t\t\t\t\t\t<\/span>\n\t\t\t\t\t<\/span>\n\t\t\t\t\t\n\t\t\t\t\t\t\t\t\t\t\t\t\t\t\t\t<span class=\"uael-tooltip-container\">\n\t\t\t\t\t\t\t<span class=\"uael-tooltip-text uael-tour-inactive\" id=\"uael-tooltip-content-3787ac2-45c810c\"><p><strong>Svetl\u00e1 robotov<\/strong><\/p>\n<\/p>\n<p>100 wattov\u00e9 LED osvetlenie,<br \/>Inteligentn\u00e9 sveteln\u00e9 efekty,<br \/>osvetlenie tane\u010dn\u00e9ho parketu<br \/>R\u00f4zne vzory, farby,<br \/>p\u00e1rty sveteln\u00e9 programy.<\/p>\n<\/p>\n<p><a style=\"color: #0645ad\" href=\"https:\/\/latvanyosnyitotanc.hu\/sk\/svetelna-technika\/\" target=\"_blank\" rel=\"noopener\">\u010c\u00edtaj viac!<\/a><\/p>\n\t\t\t\t\t\t\t\t<span class=\"uael-tour\"><span class=\"uael-actual-step\">4 of 8<\/span><ul><li><a href=\"#0\" class=\"uael-prev-3787ac2\" data-tooltipid=\"4\">&#171; Previous<\/a><\/li><li><a href=\"#0\" class=\"uael-next-3787ac2\" data-tooltipid=\"4\">Next &#187;<\/a><\/li><\/ul><\/span>\n\t\t\t\t\t\t\t\t\t\t\t\t\t\t\t<\/span>\n\t\t\t\t\t\t<\/span>\n\t\t\t\t\t\t\t\t\t\t\t\t\t\t\t\t\t\t\t\t<span class=\"uael-tooltip elementor-repeater-item-c34ca31\">\n\t\t\t\t\t\t<span class=\"uael-hotspot-main-3787ac2 uael-hotspot-content uael-hotspot-anim \" id=\"uael-tooltip-id-3787ac2-5\" data-uaeltour=\"5\" data-tooltip-content=\"#uael-tooltip-content-3787ac2-c34ca31\">\n\t\t\t\t\t\t\t<i aria-hidden=\"true\" class=\"far fa-arrow-alt-circle-up\"><\/i>\t\t\t\t\t\t<\/span>\n\t\t\t\t\t<\/span>\n\t\t\t\t\t\n\t\t\t\t\t\t\t\t\t\t\t\t\t\t\t\t<span class=\"uael-tooltip-container\">\n\t\t\t\t\t\t\t<span class=\"uael-tooltip-text uael-tour-inactive\" id=\"uael-tooltip-content-3787ac2-c34ca31\"><p><strong>Podsvietenie\/n\u00e1ladov\u00e9 osvetlenie<\/strong><\/p>\n<p>LED-podsvietenie<br \/>prisp\u00f4soben\u00e9 dekor\u00e1cii, ma\u013eovanie stien.<br \/>&#8222;Nenechajte zap\u00ednanie svetiel<br \/>na priestory.&#8220;<\/p>\n<p><a style=\"color: #0645ad\" href=\"https:\/\/latvanyosnyitotanc.hu\/sk\/osvetlenie-nalady\/\" target=\"_blank\" rel=\"noopener\">\u010c\u00edtaj viac!<\/a><\/p>\n\t\t\t\t\t\t\t\t<span class=\"uael-tour\"><span class=\"uael-actual-step\">5 of 8<\/span><ul><li><a href=\"#0\" class=\"uael-prev-3787ac2\" data-tooltipid=\"5\">&#171; Previous<\/a><\/li><li><a href=\"#0\" class=\"uael-next-3787ac2\" data-tooltipid=\"5\">Next &#187;<\/a><\/li><\/ul><\/span>\n\t\t\t\t\t\t\t\t\t\t\t\t\t\t\t<\/span>\n\t\t\t\t\t\t<\/span>\n\t\t\t\t\t\t\t\t\t\t\t\t\t\t\t\t\t\t\t\t<span class=\"uael-tooltip elementor-repeater-item-cff9936\">\n\t\t\t\t\t\t<span class=\"uael-hotspot-main-3787ac2 uael-hotspot-content uael-hotspot-anim \" id=\"uael-tooltip-id-3787ac2-6\" data-uaeltour=\"6\" data-tooltip-content=\"#uael-tooltip-content-3787ac2-cff9936\">\n\t\t\t\t\t\t\t<i aria-hidden=\"true\" class=\"fas fa-memory\"><\/i>\t\t\t\t\t\t<\/span>\n\t\t\t\t\t<\/span>\n\t\t\t\t\t\n\t\t\t\t\t\t\t\t\t\t\t\t\t\t\t\t<span class=\"uael-tooltip-container\">\n\t\t\t\t\t\t\t<span class=\"uael-tooltip-text uael-tour-inactive\" id=\"uael-tooltip-content-3787ac2-cff9936\"><p><strong>Na obrazovke<\/strong><\/p>\n<\/p>\n<p>\u201eStar\u00e1 sa a zakr\u00fdva.\u201c \u017diadne <br \/>visiace k\u00e1ble, kockovan\u00e9 obrusy <br \/>a podobne \ud83d\ude42 <\/p>\n<p><a style=\"color: #0645ad\" href=\"https:\/\/www.rendezvenydj.com\/en\/wedding-dj\/mobile-dj-i-am-mobile-and-efficient\/\" target=\"_blank\" rel=\"noopener\">\u010c\u00edtaj viac!<\/a><\/p>\n\t\t\t\t\t\t\t\t<span class=\"uael-tour\"><span class=\"uael-actual-step\">6 of 8<\/span><ul><li><a href=\"#0\" class=\"uael-prev-3787ac2\" data-tooltipid=\"6\">&#171; Previous<\/a><\/li><li><a href=\"#0\" class=\"uael-next-3787ac2\" data-tooltipid=\"6\">Next &#187;<\/a><\/li><\/ul><\/span>\n\t\t\t\t\t\t\t\t\t\t\t\t\t\t\t<\/span>\n\t\t\t\t\t\t<\/span>\n\t\t\t\t\t\t\t\t\t\t\t\t\t\t\t\t\t\t\t\t<span class=\"uael-tooltip elementor-repeater-item-51432eb\">\n\t\t\t\t\t\t<span class=\"uael-hotspot-main-3787ac2 uael-hotspot-content uael-hotspot-anim \" id=\"uael-tooltip-id-3787ac2-7\" data-uaeltour=\"7\" data-tooltip-content=\"#uael-tooltip-content-3787ac2-51432eb\">\n\t\t\t\t\t\t\t<i aria-hidden=\"true\" class=\"far fa-lightbulb\"><\/i>\t\t\t\t\t\t<\/span>\n\t\t\t\t\t<\/span>\n\t\t\t\t\t\n\t\t\t\t\t\t\t\t\t\t\t\t\t\t\t\t<span class=\"uael-tooltip-container\">\n\t\t\t\t\t\t\t<span class=\"uael-tooltip-text uael-tour-inactive\" id=\"uael-tooltip-content-3787ac2-51432eb\"><p><strong>Svetl\u00e1 robotov<\/strong><\/p>\n<\/p>\n<p>10 wattov\u00e9 LED<br \/>Inteligentn\u00e9 sveteln\u00e9 hry,<br \/>osvetlenie tane\u010dn\u00e9ho parketu<\/p>\n<p><a style=\"color: #0645ad\" href=\"https:\/\/latvanyosnyitotanc.hu\/sk\/svetelna-technika\/\" target=\"_blank\" rel=\"noopener\">\u010c\u00edtaj viac!<\/a><\/p>\n\t\t\t\t\t\t\t\t<span class=\"uael-tour\"><span class=\"uael-actual-step\">7 of 8<\/span><ul><li><a href=\"#0\" class=\"uael-prev-3787ac2\" data-tooltipid=\"7\">&#171; Previous<\/a><\/li><li><a href=\"#0\" class=\"uael-next-3787ac2\" data-tooltipid=\"7\">Next &#187;<\/a><\/li><\/ul><\/span>\n\t\t\t\t\t\t\t\t\t\t\t\t\t\t\t<\/span>\n\t\t\t\t\t\t<\/span>\n\t\t\t\t\t\t\t\t\t\t\t\t\t\t\t\t\t\t\t\t<span class=\"uael-tooltip elementor-repeater-item-7684b9a\">\n\t\t\t\t\t\t<span class=\"uael-hotspot-main-3787ac2 uael-hotspot-content uael-hotspot-anim \" id=\"uael-tooltip-id-3787ac2-8\" data-uaeltour=\"8\" data-tooltip-content=\"#uael-tooltip-content-3787ac2-7684b9a\">\n\t\t\t\t\t\t\t<i aria-hidden=\"true\" class=\"fas fa-microchip\"><\/i>\t\t\t\t\t\t<\/span>\n\t\t\t\t\t<\/span>\n\t\t\t\t\t\n\t\t\t\t\t\t\t\t\t\t\t\t\t\t\t\t<span class=\"uael-tooltip-container\">\n\t\t\t\t\t\t\t<span class=\"uael-tooltip-text uael-tour-inactive\" id=\"uael-tooltip-content-3787ac2-7684b9a\"><p><strong>Osvet\u013eovacie st\u013apy<\/strong><\/p>\n<p>Dekorsz\u00ednetekkel<br \/>megvil\u00e1g\u00edtott<br \/>tart\u00f3 oszlopok a<br \/>Robotl\u00e1mp\u00e1khoz.<\/p>\n<p><a style=\"color: #0645ad\" href=\"https:\/\/latvanyosnyitotanc.hu\/sk\/svetelna-technika\/\" target=\"_blank\" rel=\"noopener\">\u010c\u00edtaj viac!<\/a><\/p>\n\t\t\t\t\t\t\t\t<span class=\"uael-tour\"><span class=\"uael-actual-step\">8 of 8<\/span><ul><li><a href=\"#0\" class=\"uael-prev-3787ac2\" data-tooltipid=\"8\">&#171; Previous<\/a><\/li><li><a href=\"#0\" class=\"uael-next-3787ac2\" data-tooltipid=\"8\">Next &#187;<\/a><\/li><\/ul><\/span>\n\t\t\t\t\t\t\t\t\t\t\t\t\t\t\t<\/span>\n\t\t\t\t\t\t<\/span>\n\t\t\t\t\t\t\t\t\t\t\t\t\t\t<\/div>\n\t\t\t\n\t\t\t\t\t<\/div>\n\t\t\t\t\t\t<\/div>\n\t\t\t\t<\/div>\n\t\t\t\t\t<\/div>\n\t\t<\/div>\n\t\t\t\t\t<\/div>\n\t\t<\/section>\n\t\t\t\t<section class=\"elementor-section elementor-top-section elementor-element elementor-element-ea4f072 elementor-section-boxed elementor-section-height-default elementor-section-height-default\" data-id=\"ea4f072\" data-element_type=\"section\" data-e-type=\"section\" data-settings=\"{&quot;background_background&quot;:&quot;classic&quot;}\">\n\t\t\t\t\t\t<div class=\"elementor-container elementor-column-gap-default\">\n\t\t\t\t\t<div class=\"elementor-column elementor-col-100 elementor-top-column elementor-element elementor-element-3f3565d\" data-id=\"3f3565d\" data-element_type=\"column\" data-e-type=\"column\">\n\t\t\t<div class=\"elementor-widget-wrap elementor-element-populated\">\n\t\t\t\t\t\t<div class=\"elementor-element elementor-element-26a2d1e elementor-widget elementor-widget-text-editor\" data-id=\"26a2d1e\" data-element_type=\"widget\" data-e-type=\"widget\" data-widget_type=\"text-editor.default\">\n\t\t\t\t<div class=\"elementor-widget-container\">\n\t\t\t\t\t\t\t\t\t<p>DJ konzola, zvukov\u00e1 a sveteln\u00e1 technika<\/p>\t\t\t\t\t\t\t\t<\/div>\n\t\t\t\t<\/div>\n\t\t\t\t\t<\/div>\n\t\t<\/div>\n\t\t\t\t\t<\/div>\n\t\t<\/section>\n\t\t\t\t<section class=\"elementor-section elementor-top-section elementor-element elementor-element-5869401 elementor-section-boxed elementor-section-height-default elementor-section-height-default\" data-id=\"5869401\" data-element_type=\"section\" data-e-type=\"section\">\n\t\t\t\t\t\t<div class=\"elementor-container elementor-column-gap-default\">\n\t\t\t\t\t<div class=\"elementor-column elementor-col-100 elementor-top-column elementor-element elementor-element-fcea502\" data-id=\"fcea502\" data-element_type=\"column\" data-e-type=\"column\">\n\t\t\t<div class=\"elementor-widget-wrap elementor-element-populated\">\n\t\t\t\t\t\t<div class=\"elementor-element elementor-element-38ebf93 elementor-widget elementor-widget-heading\" data-id=\"38ebf93\" data-element_type=\"widget\" data-e-type=\"widget\" data-widget_type=\"heading.default\">\n\t\t\t\t<div class=\"elementor-widget-container\">\n\t\t\t\t\t<h3 class=\"elementor-heading-title elementor-size-default\"> Svadobn\u00fd a eventov\u00fd DJ<\/h3>\t\t\t\t<\/div>\n\t\t\t\t<\/div>\n\t\t\t\t<div class=\"elementor-element elementor-element-0710878 elementor-widget elementor-widget-heading\" data-id=\"0710878\" data-element_type=\"widget\" data-e-type=\"widget\" data-widget_type=\"heading.default\">\n\t\t\t\t<div class=\"elementor-widget-container\">\n\t\t\t\t\t<h2 class=\"elementor-heading-title elementor-size-default\">Vy\u017eiadajte si ponuku!<\/h2>\t\t\t\t<\/div>\n\t\t\t\t<\/div>\n\t\t\t\t<div class=\"elementor-element elementor-element-472fd6f elementor-widget elementor-widget-heading\" data-id=\"472fd6f\" data-element_type=\"widget\" data-e-type=\"widget\" data-widget_type=\"heading.default\">\n\t\t\t\t<div class=\"elementor-widget-container\">\n\t\t\t\t\t<h3 class=\"elementor-heading-title elementor-size-default\">Na z\u00e1klade sk\u00fasenost\u00ed z viac ako 1000 svadieb ju tvorili odborne uzn\u00e1van\u00ed kolegovia s cie\u013eom spolo\u010dne uk\u00e1za\u0165, \u010do pre n\u00e1s znamen\u00e1 kvalitn\u00fd hudobn\u00fd servis. Veria v poskytovanie celej \u0161k\u00e1ly slu\u017eieb, na vysokej \u00farovni, bez kompromisov. Preto s\u00fa na\u0161e zdroje venovan\u00e9 poskytovaniu najlep\u0161\u00edch zvukov\u00fdch a vizu\u00e1lnych doplnkov osvetlenia na trhu.  <\/h3>\t\t\t\t<\/div>\n\t\t\t\t<\/div>\n\t\t\t\t\t<\/div>\n\t\t<\/div>\n\t\t\t\t\t<\/div>\n\t\t<\/section>\n\t\t\t\t<section class=\"elementor-section elementor-top-section elementor-element elementor-element-284bf13 elementor-section-boxed elementor-section-height-default elementor-section-height-default\" data-id=\"284bf13\" data-element_type=\"section\" data-e-type=\"section\">\n\t\t\t\t\t\t<div class=\"elementor-container elementor-column-gap-default\">\n\t\t\t\t\t<div class=\"elementor-column elementor-col-100 elementor-top-column elementor-element elementor-element-97aaaeb\" data-id=\"97aaaeb\" data-element_type=\"column\" data-e-type=\"column\">\n\t\t\t<div class=\"elementor-widget-wrap elementor-element-populated\">\n\t\t\t\t\t\t<div class=\"elementor-element elementor-element-c74bac0 elementor-align-center elementor-widget elementor-widget-button\" data-id=\"c74bac0\" data-element_type=\"widget\" data-e-type=\"widget\" data-widget_type=\"button.default\">\n\t\t\t\t<div class=\"elementor-widget-container\">\n\t\t\t\t\t\t\t\t\t<div class=\"elementor-button-wrapper\">\n\t\t\t\t\t<a class=\"elementor-button elementor-button-link elementor-size-sm\" href=\"https:\/\/www.rendezvenydj.com\/en\/wedding-dj-prices\/\" target=\"_blank\" rel=\"noopener\">\n\t\t\t\t\t\t<span class=\"elementor-button-content-wrapper\">\n\t\t\t\t\t\t\t\t\t<span class=\"elementor-button-text\">\u017diados\u0165 o cenov\u00fa ponuku<\/span>\n\t\t\t\t\t<\/span>\n\t\t\t\t\t<\/a>\n\t\t\t\t<\/div>\n\t\t\t\t\t\t\t\t<\/div>\n\t\t\t\t<\/div>\n\t\t\t\t\t<\/div>\n\t\t<\/div>\n\t\t\t\t\t<\/div>\n\t\t<\/section>\n\t\t\t\t<\/div>\n\t\t","protected":false},"excerpt":{"rendered":"<p>Subwoofer QSC Pro \u0161pi\u010dkov\u00fd zvuk 2000 W&#8222;Ak chcete rozbi\u0165 dom&#8220; \ud83d\ude42 \u010c\u00edtaj viac! 1 of 8 &#171; Previous Next &#187; Reproduktory QSC V\u00fdznamn\u00fd reproduktorov\u00fd syst\u00e9m QSC s\u00e9rie Kpriniesol poriadok medziakt\u00edvne reproduktory.Okrem 2&#215;2000 W,sa vyzna\u010duje vynikaj\u00facouvernos\u0165ou zvuku, vysokoutechnickou \u00farov\u0148ou avysok\u00fdm v\u00fdkonom. \u010c\u00edtaj viac! 2 of 8 &#171; Previous Next &#187; DJ podujatia H\u013ead\u00e1te sk\u00fasen\u00e9ho DJ-a, ktor\u00fd [&hellip;]<\/p>\n","protected":false},"author":1,"featured_media":0,"parent":0,"menu_order":0,"comment_status":"closed","ping_status":"closed","template":"","meta":{"rank_math_focus_keyword":"","rank_math_title":"DJ slu\u017eba na svadbu \u2013 Profesion\u00e1lny zvuk a hudba","rank_math_description":"DJ a zvukov\u00e1 technika pre dokonal\u00fd rozpr\u00e1vkov\u00fd moment. Nenechajte to na n\u00e1hodu, kontaktujte n\u00e1s, aby va\u0161a p\u00e1rty nebola nudn\u00e1! ","footnotes":""},"class_list":["post-5803","page","type-page","status-publish","hentry"],"_links":{"self":[{"href":"https:\/\/latvanyosnyitotanc.hu\/sk\/wp-json\/wp\/v2\/pages\/5803","targetHints":{"allow":["GET"]}}],"collection":[{"href":"https:\/\/latvanyosnyitotanc.hu\/sk\/wp-json\/wp\/v2\/pages"}],"about":[{"href":"https:\/\/latvanyosnyitotanc.hu\/sk\/wp-json\/wp\/v2\/types\/page"}],"author":[{"embeddable":true,"href":"https:\/\/latvanyosnyitotanc.hu\/sk\/wp-json\/wp\/v2\/users\/1"}],"replies":[{"embeddable":true,"href":"https:\/\/latvanyosnyitotanc.hu\/sk\/wp-json\/wp\/v2\/comments?post=5803"}],"version-history":[{"count":0,"href":"https:\/\/latvanyosnyitotanc.hu\/sk\/wp-json\/wp\/v2\/pages\/5803\/revisions"}],"wp:attachment":[{"href":"https:\/\/latvanyosnyitotanc.hu\/sk\/wp-json\/wp\/v2\/media?parent=5803"}],"curies":[{"name":"wp","href":"https:\/\/api.w.org\/{rel}","templated":true}]}}