{"id":5779,"date":"2021-01-05T20:30:19","date_gmt":"2021-01-05T19:30:19","guid":{"rendered":"https:\/\/latvanyosnyitotanc.hu\/objavit-sa\/"},"modified":"2026-04-08T21:55:27","modified_gmt":"2026-04-08T19:55:27","slug":"objavit-sa","status":"publish","type":"page","link":"https:\/\/latvanyosnyitotanc.hu\/sk\/objavit-sa\/","title":{"rendered":"Objavi\u0165 sa"},"content":{"rendered":"","protected":false},"excerpt":{"rendered":"","protected":false},"author":1,"featured_media":0,"parent":0,"menu_order":0,"comment_status":"closed","ping_status":"closed","template":"","meta":{"rank_math_focus_keyword":"","rank_math_title":"Popup \u2013 Spektakul\u00e1rny \u00favodn\u00fd tanec","rank_math_description":"Toto je vyskakovacie menu. Nie je na tom ni\u010d zvl\u00e1\u0161tne. Po\u017eiadajte o ponuku a my v\u00e1m odpovieme do 24 hod\u00edn.","footnotes":""},"class_list":["post-5779","page","type-page","status-publish","hentry"],"_links":{"self":[{"href":"https:\/\/latvanyosnyitotanc.hu\/sk\/wp-json\/wp\/v2\/pages\/5779","targetHints":{"allow":["GET"]}}],"collection":[{"href":"https:\/\/latvanyosnyitotanc.hu\/sk\/wp-json\/wp\/v2\/pages"}],"about":[{"href":"https:\/\/latvanyosnyitotanc.hu\/sk\/wp-json\/wp\/v2\/types\/page"}],"author":[{"embeddable":true,"href":"https:\/\/latvanyosnyitotanc.hu\/sk\/wp-json\/wp\/v2\/users\/1"}],"replies":[{"embeddable":true,"href":"https:\/\/latvanyosnyitotanc.hu\/sk\/wp-json\/wp\/v2\/comments?post=5779"}],"version-history":[{"count":0,"href":"https:\/\/latvanyosnyitotanc.hu\/sk\/wp-json\/wp\/v2\/pages\/5779\/revisions"}],"wp:attachment":[{"href":"https:\/\/latvanyosnyitotanc.hu\/sk\/wp-json\/wp\/v2\/media?parent=5779"}],"curies":[{"name":"wp","href":"https:\/\/api.w.org\/{rel}","templated":true}]}}