{"id":5117,"date":"2021-01-06T20:28:50","date_gmt":"2021-01-06T19:28:50","guid":{"rendered":"https:\/\/latvanyosnyitotanc.hu\/gallery\/"},"modified":"2026-04-08T21:47:46","modified_gmt":"2026-04-08T19:47:46","slug":"gallery","status":"publish","type":"page","link":"https:\/\/latvanyosnyitotanc.hu\/en\/gallery\/","title":{"rendered":"Gallery"},"content":{"rendered":"<h1>GALLERY<\/h1>\n<h2> <\/h2>\n<h2> <\/h2>\n<h2> <\/h2>\n<h3>\n\t\t\t\t\t\t\t\tSPARK MACHINE\t\t\t\t\t\t\t<\/h3>\n<p>\t\t\t\t\t\t\t\tWedding Sparkling Fountain &#8220;Fireworks&#8221;<br \/>\n\t\t\t<a href=\"https:\/\/latvanyosnyitotanc.hu\/en\/cold-spark-machine\/\"><br \/>\n\t\t\t\t\t\t\tMore info<br \/>\n\t\t<\/a><\/p>\n<figure><img decoding=\"async\" src=\"https:\/\/latvanyosnyitotanc.hu\/wp-content\/uploads\/2021\/01\/Latvanyos-nyitotanc-eskuvo-dj-9.jpg\" alt=\"Szikrag\u00e9p \u00e9s sz\u00e1razj\u00e9g a nyit\u00f3t\u00e1ncra\" title=\"\"><\/figure>\n<figure><img decoding=\"async\" src=\"https:\/\/latvanyosnyitotanc.hu\/wp-content\/uploads\/2021\/01\/Latvanyos-nyitotanc-eskuvo-dj-7.jpg\" alt=\"Szikrag\u00e9p \u00e9s sz\u00e1razj\u00e9g a nyit\u00f3t\u00e1ncra\" title=\"\"><\/figure>\n<figure><img decoding=\"async\" src=\"https:\/\/latvanyosnyitotanc.hu\/wp-content\/uploads\/2021\/01\/Latvanyos-nyitotanc-eskuvo-dj-13.jpg\" alt=\"Szikrag\u00e9p \u00e9s sz\u00e1razj\u00e9g a nyit\u00f3t\u00e1ncra\" title=\"\"><\/figure>\n<figure><img decoding=\"async\" src=\"https:\/\/latvanyosnyitotanc.hu\/wp-content\/uploads\/2021\/01\/Latvanyos-nyitotanc-eskuvo-dj-12.jpg\" alt=\"Szikrag\u00e9p \u00e9s sz\u00e1razj\u00e9g a nyit\u00f3t\u00e1ncra\" title=\"\"><\/figure>\n<figure><img decoding=\"async\" src=\"https:\/\/latvanyosnyitotanc.hu\/wp-content\/uploads\/2021\/01\/Latvanyos-nyitotanc-eskuvo-dj-5.jpg\" alt=\"Szikrag\u00e9p \u00e9s sz\u00e1razj\u00e9g a nyit\u00f3t\u00e1ncra\" title=\"\"><\/figure>\n<h2> <\/h2>\n<h2> <\/h2>\n<figure><img decoding=\"async\" src=\"https:\/\/latvanyosnyitotanc.hu\/wp-content\/uploads\/2021\/01\/anita-gergo-szarazjeg-eskuvore11.jpg\" alt=\"Anita &amp; Gerg\u0151 Rozmaring kertvend\u00e9gl\u0151 Sz\u00e1razj\u00e9g az esk\u00fcv\u0151re\" title=\"\"><\/figure>\n<figure><img decoding=\"async\" src=\"https:\/\/latvanyosnyitotanc.hu\/wp-content\/uploads\/2021\/01\/anita-gergo-szarazjeg-eskuvore.jpg\" alt=\"Anita &amp; Gerg\u0151 Rozmaring kertvend\u00e9gl\u0151 Sz\u00e1razj\u00e9g az esk\u00fcv\u0151re\" title=\"\"><\/figure>\n<figure><img decoding=\"async\" src=\"https:\/\/latvanyosnyitotanc.hu\/wp-content\/uploads\/2021\/01\/anita-gergo-szarazjeg-eskuvore10.jpg\" alt=\"Anita &amp; Gerg\u0151 Rozmaring kertvend\u00e9gl\u0151 Sz\u00e1razj\u00e9g az esk\u00fcv\u0151re\" title=\"\"><\/figure>\n<figure><img decoding=\"async\" src=\"https:\/\/latvanyosnyitotanc.hu\/wp-content\/uploads\/2021\/01\/anita-gergo-szarazjeg-eskuvore9.jpg\" alt=\"Anita &amp; Gerg\u0151 Rozmaring kertvend\u00e9gl\u0151 Sz\u00e1razj\u00e9g az esk\u00fcv\u0151re\" title=\"\"><\/figure>\n<figure><img decoding=\"async\" src=\"https:\/\/latvanyosnyitotanc.hu\/wp-content\/uploads\/2021\/01\/anita-gergo-szarazjeg-eskuvore8.jpg\" alt=\"Anita &amp; Gerg\u0151 Rozmaring kertvend\u00e9gl\u0151 Sz\u00e1razj\u00e9g az esk\u00fcv\u0151re\" title=\"\"><\/figure>\n<figure><img decoding=\"async\" src=\"https:\/\/latvanyosnyitotanc.hu\/wp-content\/uploads\/2021\/01\/anita-gergo-szarazjeg-eskuvore7.jpg\" alt=\"Anita &amp; Gerg\u0151 Rozmaring kertvend\u00e9gl\u0151 Sz\u00e1razj\u00e9g az esk\u00fcv\u0151re\" title=\"\"><\/figure>\n<figure><img decoding=\"async\" src=\"https:\/\/latvanyosnyitotanc.hu\/wp-content\/uploads\/2021\/01\/anita-gergo-szarazjeg-eskuvore6.jpg\" alt=\"Anita &amp; Gerg\u0151 Rozmaring kertvend\u00e9gl\u0151 Sz\u00e1razj\u00e9g az esk\u00fcv\u0151re\" title=\"\"><\/figure>\n<figure><img decoding=\"async\" src=\"https:\/\/latvanyosnyitotanc.hu\/wp-content\/uploads\/2021\/01\/anita-gergo-szarazjeg-eskuvore4.jpg\" alt=\"Anita &amp; Gerg\u0151 Rozmaring kertvend\u00e9gl\u0151 Sz\u00e1razj\u00e9g az esk\u00fcv\u0151re\" title=\"\"><\/figure>\n<figure><img decoding=\"async\" src=\"https:\/\/latvanyosnyitotanc.hu\/wp-content\/uploads\/2021\/01\/anita-gergo-szarazjeg-eskuvore3.jpg\" alt=\"Anita &amp; Gerg\u0151 Rozmaring kertvend\u00e9gl\u0151 Sz\u00e1razj\u00e9g az esk\u00fcv\u0151re\" title=\"\"><\/figure>\n<figure><img decoding=\"async\" src=\"https:\/\/latvanyosnyitotanc.hu\/wp-content\/uploads\/2021\/01\/anita-gergo-szarazjeg-eskuvore2.jpg\" alt=\"Anita &amp; Gerg\u0151 Rozmaring kertvend\u00e9gl\u0151 Sz\u00e1razj\u00e9g az esk\u00fcv\u0151re\" title=\"\"><\/figure>\n<p>\t\t\t\t\t\t\t<a href=\"https:\/\/latvanyosnyitotanc.hu\/wp-content\/uploads\/2021\/01\/szarazjeg-eskuvo-dj-1.jpg\" data-elementor-open-lightbox=\"yes\" data-elementor-lightbox-slideshow=\"all-28bfd9fa\" data-elementor-lightbox-title=\"L\u00e1tv\u00e1nyos Nyit\u00f3t\u00e1nc\" data-e-action-hash=\"#elementor-action%3Aaction%3Dlightbox%26settings%3DeyJpZCI6NDc0MCwidXJsIjoiaHR0cHM6XC9cL2xhdHZhbnlvc255aXRvdGFuYy5odVwvd3AtY29udGVudFwvdXBsb2Fkc1wvMjAyMVwvMDFcL3N6YXJhemplZy1lc2t1dm8tZGotMS5qcGciLCJzbGlkZXNob3ciOiJhbGwtMjhiZmQ5ZmEifQ%3D%3D\"><br \/>\n\t\t\t\t\t\t\t\t\t\t\t\t\t\t<\/a><br \/>\n\t\t\t\t\t\t\t<a href=\"https:\/\/latvanyosnyitotanc.hu\/wp-content\/uploads\/2021\/01\/Latvanyos-nyitotanc-eskuvo-dj-16.jpg\" data-elementor-open-lightbox=\"yes\" data-elementor-lightbox-slideshow=\"all-28bfd9fa\" data-elementor-lightbox-title=\"Szikrag\u00e9p a nyit\u00f3t\u00e1ncra\" data-e-action-hash=\"#elementor-action%3Aaction%3Dlightbox%26settings%3DeyJpZCI6NDczOSwidXJsIjoiaHR0cHM6XC9cL2xhdHZhbnlvc255aXRvdGFuYy5odVwvd3AtY29udGVudFwvdXBsb2Fkc1wvMjAyMVwvMDFcL0xhdHZhbnlvcy1ueWl0b3RhbmMtZXNrdXZvLWRqLTE2LmpwZyIsInNsaWRlc2hvdyI6ImFsbC0yOGJmZDlmYSJ9\"><br \/>\n\t\t\t\t\t\t\t\t\t\t\t\t\t\t<\/a><br \/>\n\t\t\t\t\t\t\t<a href=\"https:\/\/latvanyosnyitotanc.hu\/wp-content\/uploads\/2021\/01\/anita-gergo-szarazjeg-eskuvore.jpg\" data-elementor-open-lightbox=\"yes\" data-elementor-lightbox-slideshow=\"all-28bfd9fa\" data-elementor-lightbox-title=\"Anita &amp; Gerg\u0151 Rozmaring kertvend\u00e9gl\u0151 Sz\u00e1razj\u00e9g az esk\u00fcv\u0151re\" data-e-action-hash=\"#elementor-action%3Aaction%3Dlightbox%26settings%3DeyJpZCI6NDc5MSwidXJsIjoiaHR0cHM6XC9cL2xhdHZhbnlvc255aXRvdGFuYy5odVwvd3AtY29udGVudFwvdXBsb2Fkc1wvMjAyMVwvMDFcL2FuaXRhLWdlcmdvLXN6YXJhemplZy1lc2t1dm9yZS5qcGciLCJzbGlkZXNob3ciOiJhbGwtMjhiZmQ5ZmEifQ%3D%3D\"><br \/>\n\t\t\t\t\t\t\t\t\t\t\t\t\t\t<\/a><br \/>\n\t\t\t\t\t\t\t<a href=\"https:\/\/latvanyosnyitotanc.hu\/wp-content\/uploads\/2021\/01\/szarazjeg005.jpg\" data-elementor-open-lightbox=\"yes\" data-elementor-lightbox-slideshow=\"all-28bfd9fa\" data-elementor-lightbox-title=\"szarazjeg005\" data-e-action-hash=\"#elementor-action%3Aaction%3Dlightbox%26settings%3DeyJpZCI6NDc0NSwidXJsIjoiaHR0cHM6XC9cL2xhdHZhbnlvc255aXRvdGFuYy5odVwvd3AtY29udGVudFwvdXBsb2Fkc1wvMjAyMVwvMDFcL3N6YXJhemplZzAwNS5qcGciLCJzbGlkZXNob3ciOiJhbGwtMjhiZmQ5ZmEifQ%3D%3D\"><br \/>\n\t\t\t\t\t\t\t\t\t\t\t\t\t\t<\/a><br \/>\n\t\t\t\t\t\t\t<a href=\"https:\/\/latvanyosnyitotanc.hu\/wp-content\/uploads\/2020\/12\/szarazjeg-eskuvore-fenytechnika-dj.jpg\" data-elementor-open-lightbox=\"yes\" data-elementor-lightbox-slideshow=\"all-28bfd9fa\" data-elementor-lightbox-title=\"szarazjeg-eskuvore-fenytechnika-dj\" data-e-action-hash=\"#elementor-action%3Aaction%3Dlightbox%26settings%3DeyJpZCI6NDY4NywidXJsIjoiaHR0cHM6XC9cL2xhdHZhbnlvc255aXRvdGFuYy5odVwvd3AtY29udGVudFwvdXBsb2Fkc1wvMjAyMFwvMTJcL3N6YXJhemplZy1lc2t1dm9yZS1mZW55dGVjaG5pa2EtZGouanBnIiwic2xpZGVzaG93IjoiYWxsLTI4YmZkOWZhIn0%3D\"><br \/>\n\t\t\t\t\t\t\t\t\t\t\t\t\t\t<\/a><br \/>\n\t\t\t\t\t\t\t<a href=\"https:\/\/latvanyosnyitotanc.hu\/wp-content\/uploads\/2020\/12\/szarazjeg004.jpg\" data-elementor-open-lightbox=\"yes\" data-elementor-lightbox-slideshow=\"all-28bfd9fa\" data-elementor-lightbox-title=\"Sz\u00e1razj\u00e9g g\u00e9p az esk\u00fcv\u0151re\" data-e-action-hash=\"#elementor-action%3Aaction%3Dlightbox%26settings%3DeyJpZCI6NDY4OCwidXJsIjoiaHR0cHM6XC9cL2xhdHZhbnlvc255aXRvdGFuYy5odVwvd3AtY29udGVudFwvdXBsb2Fkc1wvMjAyMFwvMTJcL3N6YXJhemplZzAwNC5qcGciLCJzbGlkZXNob3ciOiJhbGwtMjhiZmQ5ZmEifQ%3D%3D\"><br \/>\n\t\t\t\t\t\t\t\t\t\t\t\t\t\t<\/a><br \/>\n\t\t\t\t\t\t\t<a href=\"https:\/\/latvanyosnyitotanc.hu\/wp-content\/uploads\/2020\/12\/anita.jpg\" data-elementor-open-lightbox=\"yes\" data-elementor-lightbox-slideshow=\"all-28bfd9fa\" data-elementor-lightbox-title=\"Sz\u00e1razj\u00e9g g\u00e9p az esk\u00fcv\u0151re\" data-e-action-hash=\"#elementor-action%3Aaction%3Dlightbox%26settings%3DeyJpZCI6NDY4OSwidXJsIjoiaHR0cHM6XC9cL2xhdHZhbnlvc255aXRvdGFuYy5odVwvd3AtY29udGVudFwvdXBsb2Fkc1wvMjAyMFwvMTJcL2FuaXRhLmpwZyIsInNsaWRlc2hvdyI6ImFsbC0yOGJmZDlmYSJ9\"><br \/>\n\t\t\t\t\t\t\t\t\t\t\t\t\t\t<\/a><br \/>\n\t\t\t\t\t\t\t<a href=\"https:\/\/latvanyosnyitotanc.hu\/wp-content\/uploads\/2021\/01\/szarazjeg003.jpg\" data-elementor-open-lightbox=\"yes\" data-elementor-lightbox-slideshow=\"all-28bfd9fa\" data-elementor-lightbox-title=\"Sz\u00e1razj\u00e9g az Amber bride-ba Le\u00e1nyfalu Sorg Villa\" data-e-action-hash=\"#elementor-action%3Aaction%3Dlightbox%26settings%3DeyJpZCI6NDc0NCwidXJsIjoiaHR0cHM6XC9cL2xhdHZhbnlvc255aXRvdGFuYy5odVwvd3AtY29udGVudFwvdXBsb2Fkc1wvMjAyMVwvMDFcL3N6YXJhemplZzAwMy5qcGciLCJzbGlkZXNob3ciOiJhbGwtMjhiZmQ5ZmEifQ%3D%3D\"><br \/>\n\t\t\t\t\t\t\t\t\t\t\t\t\t\t<\/a><\/p>\n<h3>\n\t\t\t\t\t\t\t\tDance on the clouds\t\t\t\t\t\t\t<\/h3>\n<p>\t\t\t\t\t\t\t\tAsk for real dry ice for your wedding so that your opening dances are spectacular &amp; breathtaking!<br \/>\n\t\t\t<a href=\"https:\/\/latvanyosnyitotanc.hu\/en\/dry-ice-for-a-wedding\/\"><br \/>\n\t\t\t\t\t\t\tMore info<br \/>\n\t\t<\/a><\/p>\n<figure><img decoding=\"async\" src=\"https:\/\/latvanyosnyitotanc.hu\/wp-content\/uploads\/szikragep-3.jpg\" alt=\"Szikrag\u00e9pek \u00e9s g\u00f6r\u00f6gt\u0171z kreat\u00edv fot\u00f3z\u00e1shoz\" title=\"\"><\/figure>\n<figure><img decoding=\"async\" src=\"https:\/\/latvanyosnyitotanc.hu\/wp-content\/uploads\/szikragep-2.jpg\" alt=\"Szikrag\u00e9pek \u00e9s g\u00f6r\u00f6gt\u0171z kreat\u00edv fot\u00f3z\u00e1shoz\" title=\"\"><\/figure>\n<figure><img decoding=\"async\" src=\"https:\/\/latvanyosnyitotanc.hu\/wp-content\/uploads\/szikraszokokut.jpg\" alt=\"szikraszokokut\" title=\"\"><\/figure>\n<figure><img decoding=\"async\" src=\"https:\/\/latvanyosnyitotanc.hu\/wp-content\/uploads\/2021\/01\/hideg-szikra.jpg\" alt=\"Sz\u00e1razj\u00e9g &amp; Szikrag\u00e9p (t\u0171zij\u00e1t\u00e9k) az esk\u00fcv\u0151re\" title=\"\"><\/figure>\n<figure><img decoding=\"async\" src=\"https:\/\/latvanyosnyitotanc.hu\/wp-content\/uploads\/2020\/12\/nyitotanc-szarazjeg-gep-dj.jpg\" alt=\"Sz\u00e1razj\u00e9g \u00e9s Szikrag\u00e9p az esk\u00fcv\u0151re\" title=\"\"><\/figure>\n<p>\t\t\t\t\t\t\t<a href=\"https:\/\/latvanyosnyitotanc.hu\/wp-content\/uploads\/szarazjeg-tanc-a-felhokon.jpg\" data-elementor-open-lightbox=\"yes\" data-elementor-lightbox-slideshow=\"all-5ee4884\" data-elementor-lightbox-title=\"szarazjeg-tanc-a-felhokon\" data-elementor-lightbox-description=\"Sz\u00e1razj\u00e9gen val\u00f3 t\u00e1ncol\u00e1s\" data-e-action-hash=\"#elementor-action%3Aaction%3Dlightbox%26settings%3DeyJpZCI6NDkwNywidXJsIjoiaHR0cHM6XC9cL2xhdHZhbnlvc255aXRvdGFuYy5odVwvd3AtY29udGVudFwvdXBsb2Fkc1wvc3phcmF6amVnLXRhbmMtYS1mZWxob2tvbi5qcGciLCJzbGlkZXNob3ciOiJhbGwtNWVlNDg4NCJ9\"><br \/>\n\t\t\t\t\t\t\t\t\t\t\t\t\t\t<\/a><br \/>\n\t\t\t\t\t\t\t<a href=\"https:\/\/latvanyosnyitotanc.hu\/wp-content\/uploads\/szarazjeg-tanc-a-felhokon-01.jpg\" data-elementor-open-lightbox=\"yes\" data-elementor-lightbox-slideshow=\"all-5ee4884\" data-elementor-lightbox-title=\"szarazjeg-tanc-a-felhokon-01\" data-e-action-hash=\"#elementor-action%3Aaction%3Dlightbox%26settings%3DeyJpZCI6NDkwNiwidXJsIjoiaHR0cHM6XC9cL2xhdHZhbnlvc255aXRvdGFuYy5odVwvd3AtY29udGVudFwvdXBsb2Fkc1wvc3phcmF6amVnLXRhbmMtYS1mZWxob2tvbi0wMS5qcGciLCJzbGlkZXNob3ciOiJhbGwtNWVlNDg4NCJ9\"><br \/>\n\t\t\t\t\t\t\t\t\t\t\t\t\t\t<\/a><br \/>\n\t\t\t\t\t\t\t<a href=\"https:\/\/latvanyosnyitotanc.hu\/wp-content\/uploads\/torta-megvilagitas.jpg\" data-elementor-open-lightbox=\"yes\" data-elementor-lightbox-slideshow=\"all-5ee4884\" data-elementor-lightbox-title=\"torta-megvilagitas\" data-e-action-hash=\"#elementor-action%3Aaction%3Dlightbox%26settings%3DeyJpZCI6NDkwNSwidXJsIjoiaHR0cHM6XC9cL2xhdHZhbnlvc255aXRvdGFuYy5odVwvd3AtY29udGVudFwvdXBsb2Fkc1wvdG9ydGEtbWVndmlsYWdpdGFzLmpwZyIsInNsaWRlc2hvdyI6ImFsbC01ZWU0ODg0In0%3D\"><br \/>\n\t\t\t\t\t\t\t\t\t\t\t\t\t\t<\/a><br \/>\n\t\t\t\t\t\t\t<a href=\"https:\/\/latvanyosnyitotanc.hu\/wp-content\/uploads\/szarazjeg-tanc-a-felhokon-02.jpg\" data-elementor-open-lightbox=\"yes\" data-elementor-lightbox-slideshow=\"all-5ee4884\" data-elementor-lightbox-title=\"szarazjeg-tanc-a-felhokon-02\" data-e-action-hash=\"#elementor-action%3Aaction%3Dlightbox%26settings%3DeyJpZCI6NDkwNCwidXJsIjoiaHR0cHM6XC9cL2xhdHZhbnlvc255aXRvdGFuYy5odVwvd3AtY29udGVudFwvdXBsb2Fkc1wvc3phcmF6amVnLXRhbmMtYS1mZWxob2tvbi0wMi5qcGciLCJzbGlkZXNob3ciOiJhbGwtNWVlNDg4NCJ9\"><br \/>\n\t\t\t\t\t\t\t\t\t\t\t\t\t\t<\/a><br \/>\n\t\t\t\t\t\t\t<a href=\"https:\/\/latvanyosnyitotanc.hu\/wp-content\/uploads\/szarazjeg-tanc-a-felhokon-03.jpg\" data-elementor-open-lightbox=\"yes\" data-elementor-lightbox-slideshow=\"all-5ee4884\" data-elementor-lightbox-title=\"szarazjeg-tanc-a-felhokon-03\" data-e-action-hash=\"#elementor-action%3Aaction%3Dlightbox%26settings%3DeyJpZCI6NDkwMywidXJsIjoiaHR0cHM6XC9cL2xhdHZhbnlvc255aXRvdGFuYy5odVwvd3AtY29udGVudFwvdXBsb2Fkc1wvc3phcmF6amVnLXRhbmMtYS1mZWxob2tvbi0wMy5qcGciLCJzbGlkZXNob3ciOiJhbGwtNWVlNDg4NCJ9\"><br \/>\n\t\t\t\t\t\t\t\t\t\t\t\t\t\t<\/a><br \/>\n\t\t\t\t\t\t\t<a href=\"https:\/\/latvanyosnyitotanc.hu\/wp-content\/uploads\/szarazjeg-tanc-a-felhokon-04.jpg\" data-elementor-open-lightbox=\"yes\" data-elementor-lightbox-slideshow=\"all-5ee4884\" data-elementor-lightbox-title=\"szarazjeg-tanc-a-felhokon-04\" data-e-action-hash=\"#elementor-action%3Aaction%3Dlightbox%26settings%3DeyJpZCI6NDkwMiwidXJsIjoiaHR0cHM6XC9cL2xhdHZhbnlvc255aXRvdGFuYy5odVwvd3AtY29udGVudFwvdXBsb2Fkc1wvc3phcmF6amVnLXRhbmMtYS1mZWxob2tvbi0wNC5qcGciLCJzbGlkZXNob3ciOiJhbGwtNWVlNDg4NCJ9\"><br \/>\n\t\t\t\t\t\t\t\t\t\t\t\t\t\t<\/a><br \/>\n\t\t\t\t\t\t\t<a href=\"https:\/\/latvanyosnyitotanc.hu\/wp-content\/uploads\/dj-fenytechnika-latvanyos-nyitotanc-10.jpg\" data-elementor-open-lightbox=\"yes\" data-elementor-lightbox-slideshow=\"all-5ee4884\" data-elementor-lightbox-title=\"dj-fenytechnika-latvanyos-nyitotanc-10\" data-e-action-hash=\"#elementor-action%3Aaction%3Dlightbox%26settings%3DeyJpZCI6NDkwMSwidXJsIjoiaHR0cHM6XC9cL2xhdHZhbnlvc255aXRvdGFuYy5odVwvd3AtY29udGVudFwvdXBsb2Fkc1wvZGotZmVueXRlY2huaWthLWxhdHZhbnlvcy1ueWl0b3RhbmMtMTAuanBnIiwic2xpZGVzaG93IjoiYWxsLTVlZTQ4ODQifQ%3D%3D\"><br \/>\n\t\t\t\t\t\t\t\t\t\t\t\t\t\t<\/a><br \/>\n\t\t\t\t\t\t\t<a href=\"https:\/\/latvanyosnyitotanc.hu\/wp-content\/uploads\/dj-fenytechnika-latvanyos-nyitotanc-05.jpg\" data-elementor-open-lightbox=\"yes\" data-elementor-lightbox-slideshow=\"all-5ee4884\" data-elementor-lightbox-title=\"dj-fenytechnika-latvanyos-nyitotanc-05\" data-e-action-hash=\"#elementor-action%3Aaction%3Dlightbox%26settings%3DeyJpZCI6NDg5MSwidXJsIjoiaHR0cHM6XC9cL2xhdHZhbnlvc255aXRvdGFuYy5odVwvd3AtY29udGVudFwvdXBsb2Fkc1wvZGotZmVueXRlY2huaWthLWxhdHZhbnlvcy1ueWl0b3RhbmMtMDUuanBnIiwic2xpZGVzaG93IjoiYWxsLTVlZTQ4ODQifQ%3D%3D\"><br \/>\n\t\t\t\t\t\t\t\t\t\t\t\t\t\t<\/a><\/p>\n<figure><img decoding=\"async\" src=\"https:\/\/latvanyosnyitotanc.hu\/wp-content\/uploads\/dj-fenytechnika-latvanyos-nyitotanc-11.jpg\" alt=\"dj-fenytechnika-latvanyos-nyitotanc-11\" title=\"\"><\/figure>\n<figure><img decoding=\"async\" src=\"https:\/\/latvanyosnyitotanc.hu\/wp-content\/uploads\/dj-fenytechnika-latvanyos-nyitotanc-12.jpg\" alt=\"dj-fenytechnika-latvanyos-nyitotanc-12\" title=\"\"><\/figure>\n<figure><img decoding=\"async\" src=\"https:\/\/latvanyosnyitotanc.hu\/wp-content\/uploads\/dj-fenytechnika-latvanyos-nyitotanc-13.jpg\" alt=\"dj-fenytechnika-latvanyos-nyitotanc-13\" title=\"\"><\/figure>\n<figure><img decoding=\"async\" src=\"https:\/\/latvanyosnyitotanc.hu\/wp-content\/uploads\/dj-fenytechnika-latvanyos-nyitotanc-08.jpg\" alt=\"dj-fenytechnika-latvanyos-nyitotanc-08\" title=\"\"><\/figure>\n<figure><img decoding=\"async\" src=\"https:\/\/latvanyosnyitotanc.hu\/wp-content\/uploads\/dj-fenytechnika-latvanyos-nyitotanc-09.jpg\" alt=\"dj-fenytechnika-latvanyos-nyitotanc-09\" title=\"\"><\/figure>\n","protected":false},"excerpt":{"rendered":"<p>GALLERY SPARK MACHINE Wedding Sparkling Fountain &#8220;Fireworks&#8221; More info Dance on the clouds Ask for real dry ice for your wedding so that your opening dances are spectacular &amp; breathtaking! More info<\/p>\n","protected":false},"author":1,"featured_media":0,"parent":0,"menu_order":0,"comment_status":"closed","ping_status":"closed","template":"","meta":{"rank_math_focus_keyword":"","rank_math_title":"Gallery \u2013 Wedding Effects in Pictures","rank_math_description":"A picture says more than a thousand words. Check out our amazing pictures with your own eyes. Your wedding can be like this if you book us in time :)  ","footnotes":""},"class_list":["post-5117","page","type-page","status-publish","hentry"],"_links":{"self":[{"href":"https:\/\/latvanyosnyitotanc.hu\/en\/wp-json\/wp\/v2\/pages\/5117","targetHints":{"allow":["GET"]}}],"collection":[{"href":"https:\/\/latvanyosnyitotanc.hu\/en\/wp-json\/wp\/v2\/pages"}],"about":[{"href":"https:\/\/latvanyosnyitotanc.hu\/en\/wp-json\/wp\/v2\/types\/page"}],"author":[{"embeddable":true,"href":"https:\/\/latvanyosnyitotanc.hu\/en\/wp-json\/wp\/v2\/users\/1"}],"replies":[{"embeddable":true,"href":"https:\/\/latvanyosnyitotanc.hu\/en\/wp-json\/wp\/v2\/comments?post=5117"}],"version-history":[{"count":0,"href":"https:\/\/latvanyosnyitotanc.hu\/en\/wp-json\/wp\/v2\/pages\/5117\/revisions"}],"wp:attachment":[{"href":"https:\/\/latvanyosnyitotanc.hu\/en\/wp-json\/wp\/v2\/media?parent=5117"}],"curies":[{"name":"wp","href":"https:\/\/api.w.org\/{rel}","templated":true}]}}