{"id":5115,"date":"2021-01-09T22:42:13","date_gmt":"2021-01-09T21:42:13","guid":{"rendered":"https:\/\/latvanyosnyitotanc.hu\/dj-service\/"},"modified":"2026-04-08T21:47:37","modified_gmt":"2026-04-08T19:47:37","slug":"dj-service","status":"publish","type":"page","link":"https:\/\/latvanyosnyitotanc.hu\/en\/dj-service\/","title":{"rendered":"DJ Service"},"content":{"rendered":"\t\t<div data-elementor-type=\"wp-page\" data-elementor-id=\"5115\" class=\"elementor elementor-5115 elementor-1560\" data-elementor-post-type=\"page\">\n\t\t\t\t\t\t<section class=\"elementor-section elementor-top-section elementor-element elementor-element-9e5ee64 elementor-section-boxed elementor-section-height-default elementor-section-height-default\" data-id=\"9e5ee64\" data-element_type=\"section\" data-e-type=\"section\" data-settings=\"{&quot;shape_divider_top&quot;:&quot;triangle&quot;}\">\n\t\t\t\t\t<div class=\"elementor-shape elementor-shape-top\" aria-hidden=\"true\" data-negative=\"false\">\n\t\t\t<svg xmlns=\"http:\/\/www.w3.org\/2000\/svg\" viewBox=\"0 0 1000 100\" preserveAspectRatio=\"none\">\n\t<path class=\"elementor-shape-fill\" d=\"M500,98.9L0,6.1V0h1000v6.1L500,98.9z\"\/>\n<\/svg>\t\t<\/div>\n\t\t\t\t\t<div class=\"elementor-container elementor-column-gap-default\">\n\t\t\t\t\t<div class=\"elementor-column elementor-col-100 elementor-top-column elementor-element elementor-element-bd83fb3\" data-id=\"bd83fb3\" data-element_type=\"column\" data-e-type=\"column\">\n\t\t\t<div class=\"elementor-widget-wrap elementor-element-populated\">\n\t\t\t\t\t\t<div class=\"elementor-element elementor-element-3787ac2 elementor-widget elementor-widget-uael-hotspot\" data-id=\"3787ac2\" data-element_type=\"widget\" data-e-type=\"widget\" data-settings=\"{&quot;position&quot;:&quot;bottom&quot;,&quot;trigger&quot;:&quot;hover&quot;}\" data-widget_type=\"uael-hotspot.default\">\n\t\t\t\t<div class=\"elementor-widget-container\">\n\t\t\t\t\t\n\t\t<div class=\"uael-hotspot  uael-hotspot-tooltip-yes \">\n\t\t\t<img fetchpriority=\"high\" decoding=\"async\" width=\"1932\" height=\"1092\" src=\"https:\/\/latvanyosnyitotanc.hu\/wp-content\/uploads\/2021\/01\/rendezveny-dj-pult-renezvenydj.jpg\" class=\"attachment-full size-full wp-image-1568\" alt=\"Rendezv\u00e9ny DJ Modern DJ pult az esk\u00fcv\u0151re\" title=\"\" srcset=\"https:\/\/latvanyosnyitotanc.hu\/wp-content\/uploads\/2021\/01\/rendezveny-dj-pult-renezvenydj.jpg 1932w, https:\/\/latvanyosnyitotanc.hu\/wp-content\/uploads\/2021\/01\/rendezveny-dj-pult-renezvenydj-700x396.jpg 700w, https:\/\/latvanyosnyitotanc.hu\/wp-content\/uploads\/2021\/01\/rendezveny-dj-pult-renezvenydj-1024x579.jpg 1024w, https:\/\/latvanyosnyitotanc.hu\/wp-content\/uploads\/2021\/01\/rendezveny-dj-pult-renezvenydj-768x434.jpg 768w, https:\/\/latvanyosnyitotanc.hu\/wp-content\/uploads\/2021\/01\/rendezveny-dj-pult-renezvenydj-1536x868.jpg 1536w\" sizes=\"(max-width: 1932px) 100vw, 1932px\" \/>\t\t\t\n\t\t\t<div class=\"uael-hotspot-container\" data-side=\"bottom\" data-hotspottrigger=\"hover\" data-arrow=\"true\" data-distance=\"6\" data-delay=\"300\" data-animation=\"fade\" data-animduration=\"350\" data-zindex=\"99\" data-length=\"8\" data-autoplay=\"\" data-repeat=\"\" data-tourinterval=\"4000\" data-overlay=\"\" data-autoaction=\"\" data-hotspotviewport=\"90\" data-tooltip-maxwidth=\"250\" data-tooltip-minwidth=\"0\" >\n\n\t\t\t\t\t\t\t\t\t\t\t\t\t\t<span class=\"uael-tooltip elementor-repeater-item-5b4a854\">\n\t\t\t\t\t\t<span class=\"uael-hotspot-main-3787ac2 uael-hotspot-content uael-hotspot-anim \" id=\"uael-tooltip-id-3787ac2-1\" data-uaeltour=\"1\" data-tooltip-content=\"#uael-tooltip-content-3787ac2-5b4a854\">\n\t\t\t\t\t\t\t<i aria-hidden=\"true\" class=\"fas fa-volume-up\"><\/i>\t\t\t\t\t\t<\/span>\n\t\t\t\t\t<\/span>\n\t\t\t\t\t\n\t\t\t\t\t\t\t\t\t\t\t\t\t\t\t\t<span class=\"uael-tooltip-container\">\n\t\t\t\t\t\t\t<span class=\"uael-tooltip-text uael-tour-inactive\" id=\"uael-tooltip-content-3787ac2-5b4a854\"><p><strong>QSC Subwoofer<\/p>\n<p><\/strong><\/p>\n<p>Pro High-End Sound <br \/>2000 Watts<br \/>&#8220;If you want to tear the house down&#8221; \ud83d\ude42<\/p>\n<p><a style=\"color: #0645ad\" href=\"https:\/\/latvanyosnyitotanc.hu\/en\/sound-technology\/\" target=\"_blank\" rel=\"noopener\">Read more!<\/a><\/p>\n\t\t\t\t\t\t\t\t<span class=\"uael-tour\"><span class=\"uael-actual-step\">1 of 8<\/span><ul><li><a href=\"#0\" class=\"uael-prev-3787ac2\" data-tooltipid=\"1\">&#171; Previous<\/a><\/li><li><a href=\"#0\" class=\"uael-next-3787ac2\" data-tooltipid=\"1\">Next &#187;<\/a><\/li><\/ul><\/span>\n\t\t\t\t\t\t\t\t\t\t\t\t\t\t\t<\/span>\n\t\t\t\t\t\t<\/span>\n\t\t\t\t\t\t\t\t\t\t\t\t\t\t\t\t\t\t\t\t<span class=\"uael-tooltip elementor-repeater-item-c4186cf\">\n\t\t\t\t\t\t<span class=\"uael-hotspot-main-3787ac2 uael-hotspot-content uael-hotspot-anim \" id=\"uael-tooltip-id-3787ac2-2\" data-uaeltour=\"2\" data-tooltip-content=\"#uael-tooltip-content-3787ac2-c4186cf\">\n\t\t\t\t\t\t\t<i aria-hidden=\"true\" class=\"fas fa-volume-up\"><\/i>\t\t\t\t\t\t<\/span>\n\t\t\t\t\t<\/span>\n\t\t\t\t\t\n\t\t\t\t\t\t\t\t\t\t\t\t\t\t\t\t<span class=\"uael-tooltip-container\">\n\t\t\t\t\t\t\t<span class=\"uael-tooltip-text uael-tour-inactive\" id=\"uael-tooltip-content-3787ac2-c4186cf\"><p><strong>QSC Loudspeakers<\/strong><\/p>\n<p>The revolutionary K<br \/>series QSC speaker<br \/>system created order among<br \/>active loudspeakers.<br \/>In addition to 2&#215;2000 Watts,<br \/>it is characterized by outstanding fidelity,<br \/>high technical standards and<br \/>high performance.<\/p>\n<p><a style=\"color: #0645ad\" href=\"https:\/\/latvanyosnyitotanc.hu\/en\/sound-technology\/\" target=\"_blank\" rel=\"noopener\">Read more!<\/a><\/p>\n\t\t\t\t\t\t\t\t<span class=\"uael-tour\"><span class=\"uael-actual-step\">2 of 8<\/span><ul><li><a href=\"#0\" class=\"uael-prev-3787ac2\" data-tooltipid=\"2\">&#171; Previous<\/a><\/li><li><a href=\"#0\" class=\"uael-next-3787ac2\" data-tooltipid=\"2\">Next &#187;<\/a><\/li><\/ul><\/span>\n\t\t\t\t\t\t\t\t\t\t\t\t\t\t\t<\/span>\n\t\t\t\t\t\t<\/span>\n\t\t\t\t\t\t\t\t\t\t\t\t\t\t\t\t\t\t\t\t<span class=\"uael-tooltip elementor-repeater-item-2a66208\">\n\t\t\t\t\t\t<span class=\"uael-hotspot-main-3787ac2 uael-hotspot-content uael-hotspot-anim \" id=\"uael-tooltip-id-3787ac2-3\" data-uaeltour=\"3\" data-tooltip-content=\"#uael-tooltip-content-3787ac2-2a66208\">\n\t\t\t\t\t\t\t<i aria-hidden=\"true\" class=\"fas fa-headphones\"><\/i>\t\t\t\t\t\t<\/span>\n\t\t\t\t\t<\/span>\n\t\t\t\t\t\n\t\t\t\t\t\t\t\t\t\t\t\t\t\t\t\t<span class=\"uael-tooltip-container\">\n\t\t\t\t\t\t\t<span class=\"uael-tooltip-text uael-tour-inactive\" id=\"uael-tooltip-content-3787ac2-2a66208\"><p><strong>Event DJ<\/strong><\/p>\n<p>Are you looking for an experienced DJ to<br \/>provide music and a good atmosphere?<br \/>Someone who comes with full equipment,<br \/>sound system, and lighting<br \/>for your party? Someone who sets<br \/>and maintains the mood at its peak?<br \/>Someone who can fulfill any musical request?   <\/p>\n<p><a style=\"color: #0645ad\" href=\"https:\/\/www.rendezvenydj.com\/en\/wedding-dj-2\/\" target=\"_blank\" rel=\"noopener\">Read more!<\/a><\/p>\n\t\t\t\t\t\t\t\t<span class=\"uael-tour\"><span class=\"uael-actual-step\">3 of 8<\/span><ul><li><a href=\"#0\" class=\"uael-prev-3787ac2\" data-tooltipid=\"3\">&#171; Previous<\/a><\/li><li><a href=\"#0\" class=\"uael-next-3787ac2\" data-tooltipid=\"3\">Next &#187;<\/a><\/li><\/ul><\/span>\n\t\t\t\t\t\t\t\t\t\t\t\t\t\t\t<\/span>\n\t\t\t\t\t\t<\/span>\n\t\t\t\t\t\t\t\t\t\t\t\t\t\t\t\t\t\t\t\t<span class=\"uael-tooltip elementor-repeater-item-45c810c\">\n\t\t\t\t\t\t<span class=\"uael-hotspot-main-3787ac2 uael-hotspot-content uael-hotspot-anim \" id=\"uael-tooltip-id-3787ac2-4\" data-uaeltour=\"4\" data-tooltip-content=\"#uael-tooltip-content-3787ac2-45c810c\">\n\t\t\t\t\t\t\t<i aria-hidden=\"true\" class=\"far fa-lightbulb\"><\/i>\t\t\t\t\t\t<\/span>\n\t\t\t\t\t<\/span>\n\t\t\t\t\t\n\t\t\t\t\t\t\t\t\t\t\t\t\t\t\t\t<span class=\"uael-tooltip-container\">\n\t\t\t\t\t\t\t<span class=\"uael-tooltip-text uael-tour-inactive\" id=\"uael-tooltip-content-3787ac2-45c810c\"><p><strong>Moving heads<\/strong><\/p>\n<\/p>\n<p>100-watt LED lighting,<br \/>Intelligent light shows,<br \/>dance floor lighting<br \/>Varied patterns, colors,<br \/>party light programs.<\/p>\n<\/p>\n<p><a style=\"color: #0645ad\" href=\"https:\/\/latvanyosnyitotanc.hu\/en\/lighting-technology\/\" target=\"_blank\" rel=\"noopener\">Read more!<\/a><\/p>\n\t\t\t\t\t\t\t\t<span class=\"uael-tour\"><span class=\"uael-actual-step\">4 of 8<\/span><ul><li><a href=\"#0\" class=\"uael-prev-3787ac2\" data-tooltipid=\"4\">&#171; Previous<\/a><\/li><li><a href=\"#0\" class=\"uael-next-3787ac2\" data-tooltipid=\"4\">Next &#187;<\/a><\/li><\/ul><\/span>\n\t\t\t\t\t\t\t\t\t\t\t\t\t\t\t<\/span>\n\t\t\t\t\t\t<\/span>\n\t\t\t\t\t\t\t\t\t\t\t\t\t\t\t\t\t\t\t\t<span class=\"uael-tooltip elementor-repeater-item-c34ca31\">\n\t\t\t\t\t\t<span class=\"uael-hotspot-main-3787ac2 uael-hotspot-content uael-hotspot-anim \" id=\"uael-tooltip-id-3787ac2-5\" data-uaeltour=\"5\" data-tooltip-content=\"#uael-tooltip-content-3787ac2-c34ca31\">\n\t\t\t\t\t\t\t<i aria-hidden=\"true\" class=\"far fa-arrow-alt-circle-up\"><\/i>\t\t\t\t\t\t<\/span>\n\t\t\t\t\t<\/span>\n\t\t\t\t\t\n\t\t\t\t\t\t\t\t\t\t\t\t\t\t\t\t<span class=\"uael-tooltip-container\">\n\t\t\t\t\t\t\t<span class=\"uael-tooltip-text uael-tour-inactive\" id=\"uael-tooltip-content-3787ac2-c34ca31\"><p><strong>Uplighting\/Mood lighting<\/strong><\/p>\n<p>LED backlighting adapted to the decoration<br \/> and wall painting.<br \/>&#8220;Don&#8217;t leave the switching of the lights<br \/>to the venue&#8221;<\/p>\n<p><a style=\"color: #0645ad\" href=\"https:\/\/latvanyosnyitotanc.hu\/en\/mood-lighting\/\" target=\"_blank\" rel=\"noopener\">Read more!<\/a><\/p>\n\t\t\t\t\t\t\t\t<span class=\"uael-tour\"><span class=\"uael-actual-step\">5 of 8<\/span><ul><li><a href=\"#0\" class=\"uael-prev-3787ac2\" data-tooltipid=\"5\">&#171; Previous<\/a><\/li><li><a href=\"#0\" class=\"uael-next-3787ac2\" data-tooltipid=\"5\">Next &#187;<\/a><\/li><\/ul><\/span>\n\t\t\t\t\t\t\t\t\t\t\t\t\t\t\t<\/span>\n\t\t\t\t\t\t<\/span>\n\t\t\t\t\t\t\t\t\t\t\t\t\t\t\t\t\t\t\t\t<span class=\"uael-tooltip elementor-repeater-item-cff9936\">\n\t\t\t\t\t\t<span class=\"uael-hotspot-main-3787ac2 uael-hotspot-content uael-hotspot-anim \" id=\"uael-tooltip-id-3787ac2-6\" data-uaeltour=\"6\" data-tooltip-content=\"#uael-tooltip-content-3787ac2-cff9936\">\n\t\t\t\t\t\t\t<i aria-hidden=\"true\" class=\"fas fa-memory\"><\/i>\t\t\t\t\t\t<\/span>\n\t\t\t\t\t<\/span>\n\t\t\t\t\t\n\t\t\t\t\t\t\t\t\t\t\t\t\t\t\t\t<span class=\"uael-tooltip-container\">\n\t\t\t\t\t\t\t<span class=\"uael-tooltip-text uael-tour-inactive\" id=\"uael-tooltip-content-3787ac2-cff9936\"><p><strong>Shield<\/strong><\/p>\n<\/p>\n<p>&#8220;Care and cover&#8221;. This way there are no<br \/>dangling cables, checkered tablecloths<br \/>and their ilk \ud83d\ude42 <\/p>\n<p><a style=\"color: #0645ad\" href=\"https:\/\/www.rendezvenydj.com\/en\/wedding-dj\/mobile-dj-i-am-mobile-and-efficient\/\" target=\"_blank\" rel=\"noopener\">Read more!<\/a><\/p>\n\t\t\t\t\t\t\t\t<span class=\"uael-tour\"><span class=\"uael-actual-step\">6 of 8<\/span><ul><li><a href=\"#0\" class=\"uael-prev-3787ac2\" data-tooltipid=\"6\">&#171; Previous<\/a><\/li><li><a href=\"#0\" class=\"uael-next-3787ac2\" data-tooltipid=\"6\">Next &#187;<\/a><\/li><\/ul><\/span>\n\t\t\t\t\t\t\t\t\t\t\t\t\t\t\t<\/span>\n\t\t\t\t\t\t<\/span>\n\t\t\t\t\t\t\t\t\t\t\t\t\t\t\t\t\t\t\t\t<span class=\"uael-tooltip elementor-repeater-item-51432eb\">\n\t\t\t\t\t\t<span class=\"uael-hotspot-main-3787ac2 uael-hotspot-content uael-hotspot-anim \" id=\"uael-tooltip-id-3787ac2-7\" data-uaeltour=\"7\" data-tooltip-content=\"#uael-tooltip-content-3787ac2-51432eb\">\n\t\t\t\t\t\t\t<i aria-hidden=\"true\" class=\"far fa-lightbulb\"><\/i>\t\t\t\t\t\t<\/span>\n\t\t\t\t\t<\/span>\n\t\t\t\t\t\n\t\t\t\t\t\t\t\t\t\t\t\t\t\t\t\t<span class=\"uael-tooltip-container\">\n\t\t\t\t\t\t\t<span class=\"uael-tooltip-text uael-tour-inactive\" id=\"uael-tooltip-content-3787ac2-51432eb\"><p><strong>Moving heads<\/strong><\/p>\n<\/p>\n<p>10 watts LED<br \/>Intelligent light shows,<br \/>dance floor lighting<\/p>\n<p><a style=\"color: #0645ad\" href=\"https:\/\/latvanyosnyitotanc.hu\/en\/lighting-technology\/\" target=\"_blank\" rel=\"noopener\">Read more!<\/a><\/p>\n\t\t\t\t\t\t\t\t<span class=\"uael-tour\"><span class=\"uael-actual-step\">7 of 8<\/span><ul><li><a href=\"#0\" class=\"uael-prev-3787ac2\" data-tooltipid=\"7\">&#171; Previous<\/a><\/li><li><a href=\"#0\" class=\"uael-next-3787ac2\" data-tooltipid=\"7\">Next &#187;<\/a><\/li><\/ul><\/span>\n\t\t\t\t\t\t\t\t\t\t\t\t\t\t\t<\/span>\n\t\t\t\t\t\t<\/span>\n\t\t\t\t\t\t\t\t\t\t\t\t\t\t\t\t\t\t\t\t<span class=\"uael-tooltip elementor-repeater-item-7684b9a\">\n\t\t\t\t\t\t<span class=\"uael-hotspot-main-3787ac2 uael-hotspot-content uael-hotspot-anim \" id=\"uael-tooltip-id-3787ac2-8\" data-uaeltour=\"8\" data-tooltip-content=\"#uael-tooltip-content-3787ac2-7684b9a\">\n\t\t\t\t\t\t\t<i aria-hidden=\"true\" class=\"fas fa-microchip\"><\/i>\t\t\t\t\t\t<\/span>\n\t\t\t\t\t<\/span>\n\t\t\t\t\t\n\t\t\t\t\t\t\t\t\t\t\t\t\t\t\t\t<span class=\"uael-tooltip-container\">\n\t\t\t\t\t\t\t<span class=\"uael-tooltip-text uael-tour-inactive\" id=\"uael-tooltip-content-3787ac2-7684b9a\"><p><strong>Lighting Pillars<\/strong><\/p>\n<p>Support columns<br \/>illuminated with<br \/>decorative colors for<br \/>Robot Lights.<\/p>\n<p><a style=\"color: #0645ad\" href=\"https:\/\/latvanyosnyitotanc.hu\/en\/lighting-technology\/\" target=\"_blank\" rel=\"noopener\">Read more!<\/a><\/p>\n\t\t\t\t\t\t\t\t<span class=\"uael-tour\"><span class=\"uael-actual-step\">8 of 8<\/span><ul><li><a href=\"#0\" class=\"uael-prev-3787ac2\" data-tooltipid=\"8\">&#171; Previous<\/a><\/li><li><a href=\"#0\" class=\"uael-next-3787ac2\" data-tooltipid=\"8\">Next &#187;<\/a><\/li><\/ul><\/span>\n\t\t\t\t\t\t\t\t\t\t\t\t\t\t\t<\/span>\n\t\t\t\t\t\t<\/span>\n\t\t\t\t\t\t\t\t\t\t\t\t\t\t<\/div>\n\t\t\t\n\t\t\t\t\t<\/div>\n\t\t\t\t\t\t<\/div>\n\t\t\t\t<\/div>\n\t\t\t\t\t<\/div>\n\t\t<\/div>\n\t\t\t\t\t<\/div>\n\t\t<\/section>\n\t\t\t\t<section class=\"elementor-section elementor-top-section elementor-element elementor-element-ea4f072 elementor-section-boxed elementor-section-height-default elementor-section-height-default\" data-id=\"ea4f072\" data-element_type=\"section\" data-e-type=\"section\" data-settings=\"{&quot;background_background&quot;:&quot;classic&quot;}\">\n\t\t\t\t\t\t<div class=\"elementor-container elementor-column-gap-default\">\n\t\t\t\t\t<div class=\"elementor-column elementor-col-100 elementor-top-column elementor-element elementor-element-3f3565d\" data-id=\"3f3565d\" data-element_type=\"column\" data-e-type=\"column\">\n\t\t\t<div class=\"elementor-widget-wrap elementor-element-populated\">\n\t\t\t\t\t\t<div class=\"elementor-element elementor-element-26a2d1e elementor-widget elementor-widget-text-editor\" data-id=\"26a2d1e\" data-element_type=\"widget\" data-e-type=\"widget\" data-widget_type=\"text-editor.default\">\n\t\t\t\t<div class=\"elementor-widget-container\">\n\t\t\t\t\t\t\t\t\t<p>DJ Console, Sound and lighting technology<\/p>\t\t\t\t\t\t\t\t<\/div>\n\t\t\t\t<\/div>\n\t\t\t\t\t<\/div>\n\t\t<\/div>\n\t\t\t\t\t<\/div>\n\t\t<\/section>\n\t\t\t\t<section class=\"elementor-section elementor-top-section elementor-element elementor-element-5869401 elementor-section-boxed elementor-section-height-default elementor-section-height-default\" data-id=\"5869401\" data-element_type=\"section\" data-e-type=\"section\">\n\t\t\t\t\t\t<div class=\"elementor-container elementor-column-gap-default\">\n\t\t\t\t\t<div class=\"elementor-column elementor-col-100 elementor-top-column elementor-element elementor-element-fcea502\" data-id=\"fcea502\" data-element_type=\"column\" data-e-type=\"column\">\n\t\t\t<div class=\"elementor-widget-wrap elementor-element-populated\">\n\t\t\t\t\t\t<div class=\"elementor-element elementor-element-38ebf93 elementor-widget elementor-widget-heading\" data-id=\"38ebf93\" data-element_type=\"widget\" data-e-type=\"widget\" data-widget_type=\"heading.default\">\n\t\t\t\t<div class=\"elementor-widget-container\">\n\t\t\t\t\t<h3 class=\"elementor-heading-title elementor-size-default\"> Wedding &amp; Event DJ<\/h3>\t\t\t\t<\/div>\n\t\t\t\t<\/div>\n\t\t\t\t<div class=\"elementor-element elementor-element-0710878 elementor-widget elementor-widget-heading\" data-id=\"0710878\" data-element_type=\"widget\" data-e-type=\"widget\" data-widget_type=\"heading.default\">\n\t\t\t\t<div class=\"elementor-widget-container\">\n\t\t\t\t\t<h2 class=\"elementor-heading-title elementor-size-default\">Request an offer!<\/h2>\t\t\t\t<\/div>\n\t\t\t\t<\/div>\n\t\t\t\t<div class=\"elementor-element elementor-element-472fd6f elementor-widget elementor-widget-heading\" data-id=\"472fd6f\" data-element_type=\"widget\" data-e-type=\"widget\" data-widget_type=\"heading.default\">\n\t\t\t\t<div class=\"elementor-widget-container\">\n\t\t\t\t\t<h3 class=\"elementor-heading-title elementor-size-default\">Based on the experience of more than 1,000 weddings, it was made up of professionally recognized colleagues, with the aim of being able to show together what quality music service means to us. They believe in providing a full range of services, at a high level, without compromise. That is why our resources have been dedicated to providing the best sound and visual lighting supplements on the market.  <\/h3>\t\t\t\t<\/div>\n\t\t\t\t<\/div>\n\t\t\t\t\t<\/div>\n\t\t<\/div>\n\t\t\t\t\t<\/div>\n\t\t<\/section>\n\t\t\t\t<section class=\"elementor-section elementor-top-section elementor-element elementor-element-284bf13 elementor-section-boxed elementor-section-height-default elementor-section-height-default\" data-id=\"284bf13\" data-element_type=\"section\" data-e-type=\"section\">\n\t\t\t\t\t\t<div class=\"elementor-container elementor-column-gap-default\">\n\t\t\t\t\t<div class=\"elementor-column elementor-col-100 elementor-top-column elementor-element elementor-element-97aaaeb\" data-id=\"97aaaeb\" data-element_type=\"column\" data-e-type=\"column\">\n\t\t\t<div class=\"elementor-widget-wrap elementor-element-populated\">\n\t\t\t\t\t\t<div class=\"elementor-element elementor-element-c74bac0 elementor-align-center elementor-widget elementor-widget-button\" data-id=\"c74bac0\" data-element_type=\"widget\" data-e-type=\"widget\" data-widget_type=\"button.default\">\n\t\t\t\t<div class=\"elementor-widget-container\">\n\t\t\t\t\t\t\t\t\t<div class=\"elementor-button-wrapper\">\n\t\t\t\t\t<a class=\"elementor-button elementor-button-link elementor-size-sm\" href=\"https:\/\/www.rendezvenydj.com\/en\/wedding-dj-prices\/\" target=\"_blank\" rel=\"noopener\">\n\t\t\t\t\t\t<span class=\"elementor-button-content-wrapper\">\n\t\t\t\t\t\t\t\t\t<span class=\"elementor-button-text\">Request for quotation<\/span>\n\t\t\t\t\t<\/span>\n\t\t\t\t\t<\/a>\n\t\t\t\t<\/div>\n\t\t\t\t\t\t\t\t<\/div>\n\t\t\t\t<\/div>\n\t\t\t\t\t<\/div>\n\t\t<\/div>\n\t\t\t\t\t<\/div>\n\t\t<\/section>\n\t\t\t\t<\/div>\n\t\t","protected":false},"excerpt":{"rendered":"<p>QSC Subwoofer Pro High-End Sound 2000 Watts&#8220;If you want to tear the house down&#8221; \ud83d\ude42 Read more! 1 of 8 &#171; Previous Next &#187; QSC Loudspeakers The revolutionary Kseries QSC speakersystem created order amongactive loudspeakers.In addition to 2&#215;2000 Watts,it is characterized by outstanding fidelity,high technical standards andhigh performance. Read more! 2 of 8 &#171; Previous [&hellip;]<\/p>\n","protected":false},"author":1,"featured_media":0,"parent":0,"menu_order":0,"comment_status":"closed","ping_status":"closed","template":"","meta":{"rank_math_focus_keyword":"","rank_math_title":"DJ Service for Weddings \u2013 Professional Sound & Music","rank_math_description":"DJ and sound technology for the perfect fairytale moment. Don't leave it to chance, contact us so your party won't be boring! ","footnotes":""},"class_list":["post-5115","page","type-page","status-publish","hentry"],"_links":{"self":[{"href":"https:\/\/latvanyosnyitotanc.hu\/en\/wp-json\/wp\/v2\/pages\/5115","targetHints":{"allow":["GET"]}}],"collection":[{"href":"https:\/\/latvanyosnyitotanc.hu\/en\/wp-json\/wp\/v2\/pages"}],"about":[{"href":"https:\/\/latvanyosnyitotanc.hu\/en\/wp-json\/wp\/v2\/types\/page"}],"author":[{"embeddable":true,"href":"https:\/\/latvanyosnyitotanc.hu\/en\/wp-json\/wp\/v2\/users\/1"}],"replies":[{"embeddable":true,"href":"https:\/\/latvanyosnyitotanc.hu\/en\/wp-json\/wp\/v2\/comments?post=5115"}],"version-history":[{"count":0,"href":"https:\/\/latvanyosnyitotanc.hu\/en\/wp-json\/wp\/v2\/pages\/5115\/revisions"}],"wp:attachment":[{"href":"https:\/\/latvanyosnyitotanc.hu\/en\/wp-json\/wp\/v2\/media?parent=5115"}],"curies":[{"name":"wp","href":"https:\/\/api.w.org\/{rel}","templated":true}]}}