{"id":11920,"date":"2021-01-05T20:30:19","date_gmt":"2021-01-05T19:30:19","guid":{"rendered":"https:\/\/latvanyosnyitotanc.hu\/popup\/"},"modified":"2026-04-08T21:51:02","modified_gmt":"2026-04-08T19:51:02","slug":"popup","status":"publish","type":"page","link":"https:\/\/latvanyosnyitotanc.hu\/de\/popup\/","title":{"rendered":"Popup"},"content":{"rendered":"","protected":false},"excerpt":{"rendered":"","protected":false},"author":1,"featured_media":0,"parent":0,"menu_order":0,"comment_status":"closed","ping_status":"closed","template":"","meta":{"rank_math_focus_keyword":"","rank_math_title":"Popup \u2013 Spektakul\u00e4rer Er\u00f6ffnungstanz","rank_math_description":"Dies ist ein Popup-Men\u00fc. Daran ist nichts Besonderes. Holen Sie sich ein Angebot, wir antworten Ihnen innerhalb von 24 Stunden.  ","footnotes":""},"class_list":["post-11920","page","type-page","status-publish","hentry"],"_links":{"self":[{"href":"https:\/\/latvanyosnyitotanc.hu\/de\/wp-json\/wp\/v2\/pages\/11920","targetHints":{"allow":["GET"]}}],"collection":[{"href":"https:\/\/latvanyosnyitotanc.hu\/de\/wp-json\/wp\/v2\/pages"}],"about":[{"href":"https:\/\/latvanyosnyitotanc.hu\/de\/wp-json\/wp\/v2\/types\/page"}],"author":[{"embeddable":true,"href":"https:\/\/latvanyosnyitotanc.hu\/de\/wp-json\/wp\/v2\/users\/1"}],"replies":[{"embeddable":true,"href":"https:\/\/latvanyosnyitotanc.hu\/de\/wp-json\/wp\/v2\/comments?post=11920"}],"version-history":[{"count":0,"href":"https:\/\/latvanyosnyitotanc.hu\/de\/wp-json\/wp\/v2\/pages\/11920\/revisions"}],"wp:attachment":[{"href":"https:\/\/latvanyosnyitotanc.hu\/de\/wp-json\/wp\/v2\/media?parent=11920"}],"curies":[{"name":"wp","href":"https:\/\/api.w.org\/{rel}","templated":true}]}}