{"id":11690,"date":"2021-01-09T22:42:13","date_gmt":"2021-01-09T21:42:13","guid":{"rendered":"https:\/\/latvanyosnyitotanc.hu\/dj-szolgaltatas\/"},"modified":"2026-04-08T21:50:31","modified_gmt":"2026-04-08T19:50:31","slug":"dj-dienstleistung","status":"publish","type":"page","link":"https:\/\/latvanyosnyitotanc.hu\/de\/dj-dienstleistung\/","title":{"rendered":"DJ-Dienstleistung"},"content":{"rendered":"\t\t<div data-elementor-type=\"wp-page\" data-elementor-id=\"11690\" class=\"elementor elementor-11690 elementor-1560\" data-elementor-post-type=\"page\">\n\t\t\t\t\t\t<section class=\"elementor-section elementor-top-section elementor-element elementor-element-9e5ee64 elementor-section-boxed elementor-section-height-default elementor-section-height-default\" data-id=\"9e5ee64\" data-element_type=\"section\" data-e-type=\"section\" data-settings=\"{&quot;shape_divider_top&quot;:&quot;triangle&quot;}\">\n\t\t\t\t\t<div class=\"elementor-shape elementor-shape-top\" aria-hidden=\"true\" data-negative=\"false\">\n\t\t\t<svg xmlns=\"http:\/\/www.w3.org\/2000\/svg\" viewBox=\"0 0 1000 100\" preserveAspectRatio=\"none\">\n\t<path class=\"elementor-shape-fill\" d=\"M500,98.9L0,6.1V0h1000v6.1L500,98.9z\"\/>\n<\/svg>\t\t<\/div>\n\t\t\t\t\t<div class=\"elementor-container elementor-column-gap-default\">\n\t\t\t\t\t<div class=\"elementor-column elementor-col-100 elementor-top-column elementor-element elementor-element-bd83fb3\" data-id=\"bd83fb3\" data-element_type=\"column\" data-e-type=\"column\">\n\t\t\t<div class=\"elementor-widget-wrap elementor-element-populated\">\n\t\t\t\t\t\t<div class=\"elementor-element elementor-element-3787ac2 elementor-widget elementor-widget-uael-hotspot\" data-id=\"3787ac2\" data-element_type=\"widget\" data-e-type=\"widget\" data-settings=\"{&quot;position&quot;:&quot;bottom&quot;,&quot;trigger&quot;:&quot;hover&quot;}\" data-widget_type=\"uael-hotspot.default\">\n\t\t\t\t<div class=\"elementor-widget-container\">\n\t\t\t\t\t\n\t\t<div class=\"uael-hotspot  uael-hotspot-tooltip-yes \">\n\t\t\t<img fetchpriority=\"high\" decoding=\"async\" width=\"1932\" height=\"1092\" src=\"https:\/\/latvanyosnyitotanc.hu\/wp-content\/uploads\/2021\/01\/rendezveny-dj-pult-renezvenydj.jpg\" class=\"attachment-full size-full wp-image-1568\" alt=\"Rendezv\u00e9ny DJ Modern DJ pult az esk\u00fcv\u0151re\" title=\"\" srcset=\"https:\/\/latvanyosnyitotanc.hu\/wp-content\/uploads\/2021\/01\/rendezveny-dj-pult-renezvenydj.jpg 1932w, https:\/\/latvanyosnyitotanc.hu\/wp-content\/uploads\/2021\/01\/rendezveny-dj-pult-renezvenydj-700x396.jpg 700w, https:\/\/latvanyosnyitotanc.hu\/wp-content\/uploads\/2021\/01\/rendezveny-dj-pult-renezvenydj-1024x579.jpg 1024w, https:\/\/latvanyosnyitotanc.hu\/wp-content\/uploads\/2021\/01\/rendezveny-dj-pult-renezvenydj-768x434.jpg 768w, https:\/\/latvanyosnyitotanc.hu\/wp-content\/uploads\/2021\/01\/rendezveny-dj-pult-renezvenydj-1536x868.jpg 1536w\" sizes=\"(max-width: 1932px) 100vw, 1932px\" \/>\t\t\t\n\t\t\t<div class=\"uael-hotspot-container\" data-side=\"bottom\" data-hotspottrigger=\"hover\" data-arrow=\"true\" data-distance=\"6\" data-delay=\"300\" data-animation=\"fade\" data-animduration=\"350\" data-zindex=\"99\" data-length=\"8\" data-autoplay=\"\" data-repeat=\"\" data-tourinterval=\"4000\" data-overlay=\"\" data-autoaction=\"\" data-hotspotviewport=\"90\" data-tooltip-maxwidth=\"250\" data-tooltip-minwidth=\"0\" >\n\n\t\t\t\t\t\t\t\t\t\t\t\t\t\t<span class=\"uael-tooltip elementor-repeater-item-5b4a854\">\n\t\t\t\t\t\t<span class=\"uael-hotspot-main-3787ac2 uael-hotspot-content uael-hotspot-anim \" id=\"uael-tooltip-id-3787ac2-1\" data-uaeltour=\"1\" data-tooltip-content=\"#uael-tooltip-content-3787ac2-5b4a854\">\n\t\t\t\t\t\t\t<i aria-hidden=\"true\" class=\"fas fa-volume-up\"><\/i>\t\t\t\t\t\t<\/span>\n\t\t\t\t\t<\/span>\n\t\t\t\t\t\n\t\t\t\t\t\t\t\t\t\t\t\t\t\t\t\t<span class=\"uael-tooltip-container\">\n\t\t\t\t\t\t\t<span class=\"uael-tooltip-text uael-tour-inactive\" id=\"uael-tooltip-content-3787ac2-5b4a854\"><p><strong>QSC Subwoofer<\/p>\n<p><\/strong><\/p>\n<p>Pro High-End-Sound <br \/>2000 Watt<br \/>&#8222;Wenn ihr das Haus auseinandernehmen wollt&#8220; \ud83d\ude42<\/p>\n<p><a style=\"color: #0645ad\" href=\"https:\/\/www.rendezvenydj.com\/hangtechnika\/\" target=\"_blank\" rel=\"noopener\">Mehr!<\/a><\/p>\n\t\t\t\t\t\t\t\t<span class=\"uael-tour\"><span class=\"uael-actual-step\">1 von 8<\/span><ul><li><a href=\"#0\" class=\"uael-prev-3787ac2\" data-tooltipid=\"1\">&#171; Zur\u00fcck<\/a><\/li><li><a href=\"#0\" class=\"uael-next-3787ac2\" data-tooltipid=\"1\">Weiter &#187;<\/a><\/li><\/ul><\/span>\n\t\t\t\t\t\t\t\t\t\t\t\t\t\t\t<\/span>\n\t\t\t\t\t\t<\/span>\n\t\t\t\t\t\t\t\t\t\t\t\t\t\t\t\t\t\t\t\t<span class=\"uael-tooltip elementor-repeater-item-c4186cf\">\n\t\t\t\t\t\t<span class=\"uael-hotspot-main-3787ac2 uael-hotspot-content uael-hotspot-anim \" id=\"uael-tooltip-id-3787ac2-2\" data-uaeltour=\"2\" data-tooltip-content=\"#uael-tooltip-content-3787ac2-c4186cf\">\n\t\t\t\t\t\t\t<i aria-hidden=\"true\" class=\"fas fa-volume-up\"><\/i>\t\t\t\t\t\t<\/span>\n\t\t\t\t\t<\/span>\n\t\t\t\t\t\n\t\t\t\t\t\t\t\t\t\t\t\t\t\t\t\t<span class=\"uael-tooltip-container\">\n\t\t\t\t\t\t\t<span class=\"uael-tooltip-text uael-tour-inactive\" id=\"uael-tooltip-content-3787ac2-c4186cf\"><p><strong>QSC Lautsprecher<\/strong><\/p>\n<p>Die revolution\u00e4re QSC Lautsprecherserie der K-Klasse definierte Aktivlautsprecher neu. Neben 2 x 2000 Watt besticht sie durch herausragende Klangtreue, hohe technische Standards und enorme Leistungsf\u00e4higkeit.<\/p>\n<p><a style=\"color: #0645ad\" href=\"https:\/\/www.rendezvenydj.com\/hangtechnika\/\" target=\"_blank\" rel=\"noopener\">Mehr!<\/a><\/p>\n\t\t\t\t\t\t\t\t<span class=\"uael-tour\"><span class=\"uael-actual-step\">2 von 8<\/span><ul><li><a href=\"#0\" class=\"uael-prev-3787ac2\" data-tooltipid=\"2\">&#171; Zur\u00fcck<\/a><\/li><li><a href=\"#0\" class=\"uael-next-3787ac2\" data-tooltipid=\"2\">Weiter &#187;<\/a><\/li><\/ul><\/span>\n\t\t\t\t\t\t\t\t\t\t\t\t\t\t\t<\/span>\n\t\t\t\t\t\t<\/span>\n\t\t\t\t\t\t\t\t\t\t\t\t\t\t\t\t\t\t\t\t<span class=\"uael-tooltip elementor-repeater-item-2a66208\">\n\t\t\t\t\t\t<span class=\"uael-hotspot-main-3787ac2 uael-hotspot-content uael-hotspot-anim \" id=\"uael-tooltip-id-3787ac2-3\" data-uaeltour=\"3\" data-tooltip-content=\"#uael-tooltip-content-3787ac2-2a66208\">\n\t\t\t\t\t\t\t<i aria-hidden=\"true\" class=\"fas fa-headphones\"><\/i>\t\t\t\t\t\t<\/span>\n\t\t\t\t\t<\/span>\n\t\t\t\t\t\n\t\t\t\t\t\t\t\t\t\t\t\t\t\t\t\t<span class=\"uael-tooltip-container\">\n\t\t\t\t\t\t\t<span class=\"uael-tooltip-text uael-tour-inactive\" id=\"uael-tooltip-content-3787ac2-2a66208\"><p><strong>Event DJ<\/strong><\/p>\n<p>Suchen Sie einen<br \/>erfahrenen DJ, der f\u00fcr<br \/>Musik und gute Laune<br \/>sorgt? Jemanden, der mit<br \/>voller Ausstattung,<br \/>Beschallung und<br \/>Lichttechnik die Party<br \/>\u00fcbernimmt? Der die<br \/>Stimmung aufbaut und auf<br \/>Hochtouren h\u00e4lt? Der<br \/>jeden Musikwunsch<br \/>erf\u00fcllen kann?   <\/p>\n<p><a style=\"color: #0645ad\" href=\"https:\/\/www.rendezvenydj.com\/eskuvo-dj\/\" target=\"_blank\" rel=\"noopener\">Mehr erfahren!<\/a><\/p>\n\t\t\t\t\t\t\t\t<span class=\"uael-tour\"><span class=\"uael-actual-step\">3 von 8<\/span><ul><li><a href=\"#0\" class=\"uael-prev-3787ac2\" data-tooltipid=\"3\">&#171; Zur\u00fcck<\/a><\/li><li><a href=\"#0\" class=\"uael-next-3787ac2\" data-tooltipid=\"3\">Weiter &#187;<\/a><\/li><\/ul><\/span>\n\t\t\t\t\t\t\t\t\t\t\t\t\t\t\t<\/span>\n\t\t\t\t\t\t<\/span>\n\t\t\t\t\t\t\t\t\t\t\t\t\t\t\t\t\t\t\t\t<span class=\"uael-tooltip elementor-repeater-item-45c810c\">\n\t\t\t\t\t\t<span class=\"uael-hotspot-main-3787ac2 uael-hotspot-content uael-hotspot-anim \" id=\"uael-tooltip-id-3787ac2-4\" data-uaeltour=\"4\" data-tooltip-content=\"#uael-tooltip-content-3787ac2-45c810c\">\n\t\t\t\t\t\t\t<i aria-hidden=\"true\" class=\"far fa-lightbulb\"><\/i>\t\t\t\t\t\t<\/span>\n\t\t\t\t\t<\/span>\n\t\t\t\t\t\n\t\t\t\t\t\t\t\t\t\t\t\t\t\t\t\t<span class=\"uael-tooltip-container\">\n\t\t\t\t\t\t\t<span class=\"uael-tooltip-text uael-tour-inactive\" id=\"uael-tooltip-content-3787ac2-45c810c\"><p><strong>Robotlampen<\/strong><\/p>\n<\/p>\n<p>100-Watt-LED-Beleuchtung,<br \/>Intelligente Lichteffekte,<br \/>Tanzfl\u00e4chenbeleuchtung<br \/>Abwechslungsreiche Muster, Farben,<br \/>Partyrelichtprogramme.<\/p>\n<\/p>\n<p><a style=\"color: #0645ad\" href=\"https:\/\/www.rendezvenydj.com\/fenytechnika\/\" target=\"_blank\" rel=\"noopener\">Mehr erfahren!<\/a><\/p>\n\t\t\t\t\t\t\t\t<span class=\"uael-tour\"><span class=\"uael-actual-step\">4 von 8<\/span><ul><li><a href=\"#0\" class=\"uael-prev-3787ac2\" data-tooltipid=\"4\">&#171; Zur\u00fcck<\/a><\/li><li><a href=\"#0\" class=\"uael-next-3787ac2\" data-tooltipid=\"4\">Weiter &#187;<\/a><\/li><\/ul><\/span>\n\t\t\t\t\t\t\t\t\t\t\t\t\t\t\t<\/span>\n\t\t\t\t\t\t<\/span>\n\t\t\t\t\t\t\t\t\t\t\t\t\t\t\t\t\t\t\t\t<span class=\"uael-tooltip elementor-repeater-item-c34ca31\">\n\t\t\t\t\t\t<span class=\"uael-hotspot-main-3787ac2 uael-hotspot-content uael-hotspot-anim \" id=\"uael-tooltip-id-3787ac2-5\" data-uaeltour=\"5\" data-tooltip-content=\"#uael-tooltip-content-3787ac2-c34ca31\">\n\t\t\t\t\t\t\t<i aria-hidden=\"true\" class=\"far fa-arrow-alt-circle-up\"><\/i>\t\t\t\t\t\t<\/span>\n\t\t\t\t\t<\/span>\n\t\t\t\t\t\n\t\t\t\t\t\t\t\t\t\t\t\t\t\t\t\t<span class=\"uael-tooltip-container\">\n\t\t\t\t\t\t\t<span class=\"uael-tooltip-text uael-tour-inactive\" id=\"uael-tooltip-content-3787ac2-c34ca31\"><p><strong>Uplighting\/Stimmungsbeleuchtung<\/strong><\/p>\n<p>LED-Hintergrundbeleuchtung, an die Dekoration angepasst<br \/>Wandmalerei.<br \/>&#8222;Verlassen Sie sich nicht auf den Standort<br \/>Schalten Sie die Lichter ein und aus&#8220;<\/p>\n<p><a style=\"color: #0645ad\" href=\"https:\/\/www.rendezvenydj.com\/hangulatvilagitas\/\" target=\"_blank\" rel=\"noopener\">Mehr dazu!<\/a><\/p>\n\t\t\t\t\t\t\t\t<span class=\"uael-tour\"><span class=\"uael-actual-step\">5 von 8<\/span><ul><li><a href=\"#0\" class=\"uael-prev-3787ac2\" data-tooltipid=\"5\">&#171; Zur\u00fcck<\/a><\/li><li><a href=\"#0\" class=\"uael-next-3787ac2\" data-tooltipid=\"5\">Weiter &#187;<\/a><\/li><\/ul><\/span>\n\t\t\t\t\t\t\t\t\t\t\t\t\t\t\t<\/span>\n\t\t\t\t\t\t<\/span>\n\t\t\t\t\t\t\t\t\t\t\t\t\t\t\t\t\t\t\t\t<span class=\"uael-tooltip elementor-repeater-item-cff9936\">\n\t\t\t\t\t\t<span class=\"uael-hotspot-main-3787ac2 uael-hotspot-content uael-hotspot-anim \" id=\"uael-tooltip-id-3787ac2-6\" data-uaeltour=\"6\" data-tooltip-content=\"#uael-tooltip-content-3787ac2-cff9936\">\n\t\t\t\t\t\t\t<i aria-hidden=\"true\" class=\"fas fa-memory\"><\/i>\t\t\t\t\t\t<\/span>\n\t\t\t\t\t<\/span>\n\t\t\t\t\t\n\t\t\t\t\t\t\t\t\t\t\t\t\t\t\t\t<span class=\"uael-tooltip-container\">\n\t\t\t\t\t\t\t<span class=\"uael-tooltip-text uael-tour-inactive\" id=\"uael-tooltip-content-3787ac2-cff9936\"><p><strong>Parav\u00e1n<\/strong><\/p>\n<\/p>\n<p>\u201ePfleget und deckt zu\u201c. So gibt es keine<br \/>h\u00e4ngende Kabel, karierte Tischdecken<br \/>und \u00e4hnliches \ud83d\ude42 <\/p>\n<p><a style=\"color: #0645ad\" href=\"https:\/\/www.rendezvenydj.com\/eskuvo-dj\/mobil-dj\/\" target=\"_blank\" rel=\"noopener\">Mehr erfahren!<\/a><\/p>\n\t\t\t\t\t\t\t\t<span class=\"uael-tour\"><span class=\"uael-actual-step\">6 von 8<\/span><ul><li><a href=\"#0\" class=\"uael-prev-3787ac2\" data-tooltipid=\"6\">&#171; Zur\u00fcck<\/a><\/li><li><a href=\"#0\" class=\"uael-next-3787ac2\" data-tooltipid=\"6\">Weiter &#187;<\/a><\/li><\/ul><\/span>\n\t\t\t\t\t\t\t\t\t\t\t\t\t\t\t<\/span>\n\t\t\t\t\t\t<\/span>\n\t\t\t\t\t\t\t\t\t\t\t\t\t\t\t\t\t\t\t\t<span class=\"uael-tooltip elementor-repeater-item-51432eb\">\n\t\t\t\t\t\t<span class=\"uael-hotspot-main-3787ac2 uael-hotspot-content uael-hotspot-anim \" id=\"uael-tooltip-id-3787ac2-7\" data-uaeltour=\"7\" data-tooltip-content=\"#uael-tooltip-content-3787ac2-51432eb\">\n\t\t\t\t\t\t\t<i aria-hidden=\"true\" class=\"far fa-lightbulb\"><\/i>\t\t\t\t\t\t<\/span>\n\t\t\t\t\t<\/span>\n\t\t\t\t\t\n\t\t\t\t\t\t\t\t\t\t\t\t\t\t\t\t<span class=\"uael-tooltip-container\">\n\t\t\t\t\t\t\t<span class=\"uael-tooltip-text uael-tour-inactive\" id=\"uael-tooltip-content-3787ac2-51432eb\"><p><strong>Roboterlampen<\/strong><\/p>\n<\/p>\n<p>10 Watt LED<br \/>Intelligente Lichtspiele,<br \/>Tanzfl\u00e4chenbeleuchtung<\/p>\n<p><a style=\"color: #0645ad\" href=\"https:\/\/www.rendezvenydj.com\/fenytechnika\/\" target=\"_blank\" rel=\"noopener\">Mehr erfahren!<\/a><\/p>\n\t\t\t\t\t\t\t\t<span class=\"uael-tour\"><span class=\"uael-actual-step\">7 von 8<\/span><ul><li><a href=\"#0\" class=\"uael-prev-3787ac2\" data-tooltipid=\"7\">&#171; Zur\u00fcck<\/a><\/li><li><a href=\"#0\" class=\"uael-next-3787ac2\" data-tooltipid=\"7\">Weiter &#187;<\/a><\/li><\/ul><\/span>\n\t\t\t\t\t\t\t\t\t\t\t\t\t\t\t<\/span>\n\t\t\t\t\t\t<\/span>\n\t\t\t\t\t\t\t\t\t\t\t\t\t\t\t\t\t\t\t\t<span class=\"uael-tooltip elementor-repeater-item-7684b9a\">\n\t\t\t\t\t\t<span class=\"uael-hotspot-main-3787ac2 uael-hotspot-content uael-hotspot-anim \" id=\"uael-tooltip-id-3787ac2-8\" data-uaeltour=\"8\" data-tooltip-content=\"#uael-tooltip-content-3787ac2-7684b9a\">\n\t\t\t\t\t\t\t<i aria-hidden=\"true\" class=\"fas fa-microchip\"><\/i>\t\t\t\t\t\t<\/span>\n\t\t\t\t\t<\/span>\n\t\t\t\t\t\n\t\t\t\t\t\t\t\t\t\t\t\t\t\t\t\t<span class=\"uael-tooltip-container\">\n\t\t\t\t\t\t\t<span class=\"uael-tooltip-text uael-tour-inactive\" id=\"uael-tooltip-content-3787ac2-7684b9a\"><p><strong>Beleuchtete S\u00e4ulen<\/strong><\/p>\n<p>Dekor-Szenenbeleuchtung<br \/>f\u00fcr die<br \/>Trags\u00e4ulen der<br \/>Robot-Leuchten.<\/p>\n<p><a style=\"color: #0645ad\" href=\"https:\/\/www.rendezvenydj.com\/fenytechnika\/\" target=\"_blank\" rel=\"noopener\">Mehr erfahren!<\/a><\/p>\n\t\t\t\t\t\t\t\t<span class=\"uael-tour\"><span class=\"uael-actual-step\">8 von 8<\/span><ul><li><a href=\"#0\" class=\"uael-prev-3787ac2\" data-tooltipid=\"8\">&#171; Zur\u00fcck<\/a><\/li><li><a href=\"#0\" class=\"uael-next-3787ac2\" data-tooltipid=\"8\">Weiter &#187;<\/a><\/li><\/ul><\/span>\n\t\t\t\t\t\t\t\t\t\t\t\t\t\t\t<\/span>\n\t\t\t\t\t\t<\/span>\n\t\t\t\t\t\t\t\t\t\t\t\t\t\t<\/div>\n\t\t\t\n\t\t\t\t\t<\/div>\n\t\t\t\t\t\t<\/div>\n\t\t\t\t<\/div>\n\t\t\t\t\t<\/div>\n\t\t<\/div>\n\t\t\t\t\t<\/div>\n\t\t<\/section>\n\t\t\t\t<section class=\"elementor-section elementor-top-section elementor-element elementor-element-ea4f072 elementor-section-boxed elementor-section-height-default elementor-section-height-default\" data-id=\"ea4f072\" data-element_type=\"section\" data-e-type=\"section\" data-settings=\"{&quot;background_background&quot;:&quot;classic&quot;}\">\n\t\t\t\t\t\t<div class=\"elementor-container elementor-column-gap-default\">\n\t\t\t\t\t<div class=\"elementor-column elementor-col-100 elementor-top-column elementor-element elementor-element-3f3565d\" data-id=\"3f3565d\" data-element_type=\"column\" data-e-type=\"column\">\n\t\t\t<div class=\"elementor-widget-wrap elementor-element-populated\">\n\t\t\t\t\t\t<div class=\"elementor-element elementor-element-26a2d1e elementor-widget elementor-widget-text-editor\" data-id=\"26a2d1e\" data-element_type=\"widget\" data-e-type=\"widget\" data-widget_type=\"text-editor.default\">\n\t\t\t\t<div class=\"elementor-widget-container\">\n\t\t\t\t\t\t\t\t\t<p>DJ-Pult, Ton- und Lichttechnik<\/p>\t\t\t\t\t\t\t\t<\/div>\n\t\t\t\t<\/div>\n\t\t\t\t\t<\/div>\n\t\t<\/div>\n\t\t\t\t\t<\/div>\n\t\t<\/section>\n\t\t\t\t<section class=\"elementor-section elementor-top-section elementor-element elementor-element-5869401 elementor-section-boxed elementor-section-height-default elementor-section-height-default\" data-id=\"5869401\" data-element_type=\"section\" data-e-type=\"section\">\n\t\t\t\t\t\t<div class=\"elementor-container elementor-column-gap-default\">\n\t\t\t\t\t<div class=\"elementor-column elementor-col-100 elementor-top-column elementor-element elementor-element-fcea502\" data-id=\"fcea502\" data-element_type=\"column\" data-e-type=\"column\">\n\t\t\t<div class=\"elementor-widget-wrap elementor-element-populated\">\n\t\t\t\t\t\t<div class=\"elementor-element elementor-element-38ebf93 elementor-widget elementor-widget-heading\" data-id=\"38ebf93\" data-element_type=\"widget\" data-e-type=\"widget\" data-widget_type=\"heading.default\">\n\t\t\t\t<div class=\"elementor-widget-container\">\n\t\t\t\t\t<h3 class=\"elementor-heading-title elementor-size-default\"> Hochzeit &amp; Event DJ<\/h3>\t\t\t\t<\/div>\n\t\t\t\t<\/div>\n\t\t\t\t<div class=\"elementor-element elementor-element-0710878 elementor-widget elementor-widget-heading\" data-id=\"0710878\" data-element_type=\"widget\" data-e-type=\"widget\" data-widget_type=\"heading.default\">\n\t\t\t\t<div class=\"elementor-widget-container\">\n\t\t\t\t\t<h2 class=\"elementor-heading-title elementor-size-default\">Angebot anfordern!<\/h2>\t\t\t\t<\/div>\n\t\t\t\t<\/div>\n\t\t\t\t<div class=\"elementor-element elementor-element-472fd6f elementor-widget elementor-widget-heading\" data-id=\"472fd6f\" data-element_type=\"widget\" data-e-type=\"widget\" data-widget_type=\"heading.default\">\n\t\t\t\t<div class=\"elementor-widget-container\">\n\t\t\t\t\t<h3 class=\"elementor-heading-title elementor-size-default\">Basierend auf den Erfahrungen von mehr als 1.000 Hochzeiten kamen professionell anerkannte Kollegen zusammen, mit dem Ziel, gemeinsam zu zeigen, was uns ein hochwertiger Musikdienst bedeutet. Sie glauben daran, einen umfassenden Service auf hohem Niveau und ohne Kompromisse anzubieten. Deshalb haben sie ihre Ressourcen darauf konzentriert, die besten klingenden Audio- und spektakul\u00e4ren Lichteffekte, die auf dem Markt erh\u00e4ltlich sind, zu liefern.  <\/h3>\t\t\t\t<\/div>\n\t\t\t\t<\/div>\n\t\t\t\t\t<\/div>\n\t\t<\/div>\n\t\t\t\t\t<\/div>\n\t\t<\/section>\n\t\t\t\t<section class=\"elementor-section elementor-top-section elementor-element elementor-element-284bf13 elementor-section-boxed elementor-section-height-default elementor-section-height-default\" data-id=\"284bf13\" data-element_type=\"section\" data-e-type=\"section\">\n\t\t\t\t\t\t<div class=\"elementor-container elementor-column-gap-default\">\n\t\t\t\t\t<div class=\"elementor-column elementor-col-100 elementor-top-column elementor-element elementor-element-97aaaeb\" data-id=\"97aaaeb\" data-element_type=\"column\" data-e-type=\"column\">\n\t\t\t<div class=\"elementor-widget-wrap elementor-element-populated\">\n\t\t\t\t\t\t<div class=\"elementor-element elementor-element-c74bac0 elementor-align-center elementor-widget elementor-widget-button\" data-id=\"c74bac0\" data-element_type=\"widget\" data-e-type=\"widget\" data-widget_type=\"button.default\">\n\t\t\t\t<div class=\"elementor-widget-container\">\n\t\t\t\t\t\t\t\t\t<div class=\"elementor-button-wrapper\">\n\t\t\t\t\t<a class=\"elementor-button elementor-button-link elementor-size-sm\" href=\"https:\/\/www.rendezvenydj.com\/arak\/#ajanlatkeres\" target=\"_blank\" rel=\"noopener\">\n\t\t\t\t\t\t<span class=\"elementor-button-content-wrapper\">\n\t\t\t\t\t\t\t\t\t<span class=\"elementor-button-text\">Angebot anfordern<\/span>\n\t\t\t\t\t<\/span>\n\t\t\t\t\t<\/a>\n\t\t\t\t<\/div>\n\t\t\t\t\t\t\t\t<\/div>\n\t\t\t\t<\/div>\n\t\t\t\t\t<\/div>\n\t\t<\/div>\n\t\t\t\t\t<\/div>\n\t\t<\/section>\n\t\t\t\t<\/div>\n\t\t","protected":false},"excerpt":{"rendered":"<p>QSC Subwoofer Pro High-End-Sound 2000 Watt&#8222;Wenn ihr das Haus auseinandernehmen wollt&#8221; \ud83d\ude42 Mehr! 1 of 8 &#171; Previous Next &#187; QSC Lautsprecher Die revolution\u00e4re QSC Lautsprecherserie der K-Klasse definierte Aktivlautsprecher neu. Neben 2 x 2000 Watt besticht sie durch herausragende Klangtreue, hohe technische Standards und enorme Leistungsf\u00e4higkeit. Mehr! 2 of 8 &#171; Previous Next &#187; [&hellip;]<\/p>\n","protected":false},"author":1,"featured_media":0,"parent":0,"menu_order":0,"comment_status":"closed","ping_status":"closed","template":"","meta":{"rank_math_focus_keyword":"","rank_math_title":"DJ-Service f\u00fcr Hochzeiten \u2013 Professioneller Sound & Musik","rank_math_description":"DJ- und Sound-Equipment f\u00fcr den perfekten M\u00e4rchenmoment. \u00dcberlassen Sie nichts dem Zufall, kontaktieren Sie uns, damit Ihre Party nicht langweilig wird! ","footnotes":""},"class_list":["post-11690","page","type-page","status-publish","hentry"],"_links":{"self":[{"href":"https:\/\/latvanyosnyitotanc.hu\/de\/wp-json\/wp\/v2\/pages\/11690","targetHints":{"allow":["GET"]}}],"collection":[{"href":"https:\/\/latvanyosnyitotanc.hu\/de\/wp-json\/wp\/v2\/pages"}],"about":[{"href":"https:\/\/latvanyosnyitotanc.hu\/de\/wp-json\/wp\/v2\/types\/page"}],"author":[{"embeddable":true,"href":"https:\/\/latvanyosnyitotanc.hu\/de\/wp-json\/wp\/v2\/users\/1"}],"replies":[{"embeddable":true,"href":"https:\/\/latvanyosnyitotanc.hu\/de\/wp-json\/wp\/v2\/comments?post=11690"}],"version-history":[{"count":0,"href":"https:\/\/latvanyosnyitotanc.hu\/de\/wp-json\/wp\/v2\/pages\/11690\/revisions"}],"wp:attachment":[{"href":"https:\/\/latvanyosnyitotanc.hu\/de\/wp-json\/wp\/v2\/media?parent=11690"}],"curies":[{"name":"wp","href":"https:\/\/api.w.org\/{rel}","templated":true}]}}