{"id":11672,"date":"2021-01-10T02:57:52","date_gmt":"2021-01-10T01:57:52","guid":{"rendered":"https:\/\/latvanyosnyitotanc.hu\/ajanlatkeres\/"},"modified":"2026-04-08T21:50:25","modified_gmt":"2026-04-08T19:50:25","slug":"angebot-anfordern","status":"publish","type":"page","link":"https:\/\/latvanyosnyitotanc.hu\/de\/angebot-anfordern\/","title":{"rendered":"Angebot anfordern"},"content":{"rendered":"\t\t<div data-elementor-type=\"wp-page\" data-elementor-id=\"11672\" class=\"elementor elementor-11672 elementor-1631\" data-elementor-post-type=\"page\">\n\t\t\t\t\t\t<section class=\"elementor-section elementor-top-section elementor-element elementor-element-cd69935 elementor-section-boxed elementor-section-height-default elementor-section-height-default\" data-id=\"cd69935\" data-element_type=\"section\" data-e-type=\"section\" data-settings=\"{&quot;background_background&quot;:&quot;classic&quot;,&quot;animation&quot;:&quot;none&quot;}\">\n\t\t\t\t\t\t\t<div class=\"elementor-background-overlay\"><\/div>\n\t\t\t\t\t\t\t<div class=\"elementor-container elementor-column-gap-default\">\n\t\t\t\t\t<div class=\"elementor-column elementor-col-100 elementor-top-column elementor-element elementor-element-fa2b731\" data-id=\"fa2b731\" data-element_type=\"column\" data-e-type=\"column\">\n\t\t\t<div class=\"elementor-widget-wrap elementor-element-populated\">\n\t\t\t\t\t\t<div class=\"elementor-element elementor-element-86623ff elementor-widget elementor-widget-heading\" data-id=\"86623ff\" data-element_type=\"widget\" data-e-type=\"widget\" data-settings=\"{&quot;motion_fx_motion_fx_scrolling&quot;:&quot;yes&quot;,&quot;motion_fx_translateX_effect&quot;:&quot;yes&quot;,&quot;motion_fx_translateX_direction&quot;:&quot;negative&quot;,&quot;motion_fx_translateX_speed&quot;:{&quot;unit&quot;:&quot;px&quot;,&quot;size&quot;:2,&quot;sizes&quot;:[]},&quot;motion_fx_translateX_affectedRange&quot;:{&quot;unit&quot;:&quot;%&quot;,&quot;size&quot;:&quot;&quot;,&quot;sizes&quot;:{&quot;start&quot;:0,&quot;end&quot;:50}},&quot;motion_fx_devices&quot;:[&quot;desktop&quot;,&quot;tablet&quot;,&quot;mobile&quot;]}\" data-widget_type=\"heading.default\">\n\t\t\t\t<div class=\"elementor-widget-container\">\n\t\t\t\t\t<h3 class=\"elementor-heading-title elementor-size-default\">F\u00fcllen Sie das Formular aus, wir werden uns innerhalb von 24 Stunden bei Ihnen melden!<\/h3>\t\t\t\t<\/div>\n\t\t\t\t<\/div>\n\t\t\t\t<div class=\"elementor-element elementor-element-258f5fc elementor-widget elementor-widget-heading\" data-id=\"258f5fc\" data-element_type=\"widget\" data-e-type=\"widget\" data-settings=\"{&quot;motion_fx_motion_fx_scrolling&quot;:&quot;yes&quot;,&quot;motion_fx_translateX_effect&quot;:&quot;yes&quot;,&quot;motion_fx_translateX_speed&quot;:{&quot;unit&quot;:&quot;px&quot;,&quot;size&quot;:2,&quot;sizes&quot;:[]},&quot;motion_fx_translateX_affectedRange&quot;:{&quot;unit&quot;:&quot;%&quot;,&quot;size&quot;:&quot;&quot;,&quot;sizes&quot;:{&quot;start&quot;:20,&quot;end&quot;:50}},&quot;motion_fx_devices&quot;:[&quot;desktop&quot;,&quot;tablet&quot;]}\" data-widget_type=\"heading.default\">\n\t\t\t\t<div class=\"elementor-widget-container\">\n\t\t\t\t\t<h2 class=\"elementor-heading-title elementor-size-default\">Anfrage\n<\/h2>\t\t\t\t<\/div>\n\t\t\t\t<\/div>\n\t\t\t\t<div class=\"elementor-element elementor-element-c6fa35a elementor-button-align-stretch elementor-widget elementor-widget-global elementor-global-12820 elementor-global-10456 elementor-widget-form\" data-id=\"c6fa35a\" data-element_type=\"widget\" data-e-type=\"widget\" data-settings=\"{&quot;step_next_label&quot;:&quot;N\\u00e4chster&quot;,&quot;step_previous_label&quot;:&quot;Bisher&quot;,&quot;button_width&quot;:&quot;100&quot;,&quot;step_type&quot;:&quot;number_text&quot;,&quot;step_icon_shape&quot;:&quot;circle&quot;}\" data-widget_type=\"form.default\">\n\t\t\t\t<div class=\"elementor-widget-container\">\n\t\t\t\t\t\t\t<form class=\"elementor-form\" method=\"post\" name=\"Bej\u00f6v\u0151k 2\" aria-label=\"Bej\u00f6v\u0151k 2\">\n\t\t\t<input type=\"hidden\" name=\"post_id\" value=\"11672\"\/>\n\t\t\t<input type=\"hidden\" name=\"form_id\" value=\"c6fa35a\"\/>\n\t\t\t<input type=\"hidden\" name=\"referer_title\" value=\"\" \/>\n\n\t\t\t\n\t\t\t<div class=\"elementor-form-fields-wrapper elementor-labels-\">\n\t\t\t\t\t\t\t\t<div class=\"elementor-field-type-text elementor-field-group elementor-column elementor-field-group-name elementor-col-100 elementor-field-required\">\n\t\t\t\t\t\t\t\t\t\t\t\t<label for=\"form-field-name\" class=\"elementor-field-label elementor-screen-only\">\n\t\t\t\t\t\t\t\tyour-name\t\t\t\t\t\t\t<\/label>\n\t\t\t\t\t\t\t\t\t\t\t\t\t\t<input size=\"1\" type=\"text\" name=\"form_fields[name]\" id=\"form-field-name\" class=\"elementor-field elementor-size-sm  elementor-field-textual\" placeholder=\"Vollst\u00e4ndiger Name\" required=\"required\">\n\t\t\t\t\t\t\t\t\t\t\t<\/div>\n\t\t\t\t\t\t\t\t<div class=\"elementor-field-type-email elementor-field-group elementor-column elementor-field-group-email elementor-col-50 elementor-field-required\">\n\t\t\t\t\t\t\t\t\t\t\t\t<label for=\"form-field-email\" class=\"elementor-field-label elementor-screen-only\">\n\t\t\t\t\t\t\t\tyour-email\t\t\t\t\t\t\t<\/label>\n\t\t\t\t\t\t\t\t\t\t\t\t\t\t<input size=\"1\" type=\"email\" name=\"form_fields[email]\" id=\"form-field-email\" class=\"elementor-field elementor-size-sm  elementor-field-textual\" placeholder=\"E-Mail-Adresse\" required=\"required\">\n\t\t\t\t\t\t\t\t\t\t\t<\/div>\n\t\t\t\t\t\t\t\t<div class=\"elementor-field-type-tel elementor-field-group elementor-column elementor-field-group-tel elementor-col-50 elementor-field-required\">\n\t\t\t\t\t\t\t\t\t\t\t\t<label for=\"form-field-tel\" class=\"elementor-field-label elementor-screen-only\">\n\t\t\t\t\t\t\t\tyour-tel\t\t\t\t\t\t\t<\/label>\n\t\t\t\t\t\t\t\t<input size=\"1\" type=\"tel\" name=\"form_fields[tel]\" id=\"form-field-tel\" class=\"elementor-field elementor-size-sm  elementor-field-textual\" placeholder=\"Telefonsz\u00e1m\" required=\"required\" pattern=\"[0-9()#&amp;+*-=.]+\" title=\"Nur Nummern oder Telefon-Zeichen (#, -, *, etc) werden akzeptiert.\">\n\n\t\t\t\t\t\t<\/div>\n\t\t\t\t\t\t\t\t<div class=\"elementor-field-type-text elementor-field-group elementor-column elementor-field-group-datum elementor-col-50\">\n\t\t\t\t\t\t\t\t\t\t\t\t<label for=\"form-field-datum\" class=\"elementor-field-label elementor-screen-only\">\n\t\t\t\t\t\t\t\ttext-reservation\t\t\t\t\t\t\t<\/label>\n\t\t\t\t\t\t\t\t\t\t\t\t\t\t<input size=\"1\" type=\"text\" name=\"form_fields[datum]\" id=\"form-field-datum\" class=\"elementor-field elementor-size-sm  elementor-field-textual\" placeholder=\"Datum\">\n\t\t\t\t\t\t\t\t\t\t\t<\/div>\n\t\t\t\t\t\t\t\t<div class=\"elementor-field-type-textarea elementor-field-group elementor-column elementor-field-group-helyszin elementor-col-50\">\n\t\t\t\t\t\t\t\t\t\t\t\t<label for=\"form-field-helyszin\" class=\"elementor-field-label elementor-screen-only\">\n\t\t\t\t\t\t\t\tyour-helyszin\t\t\t\t\t\t\t<\/label>\n\t\t\t\t\t\t<textarea class=\"elementor-field-textual elementor-field  elementor-size-sm\" name=\"form_fields[helyszin]\" id=\"form-field-helyszin\" rows=\"1\" placeholder=\"Standort\"><\/textarea>\t\t\t\t<\/div>\n\t\t\t\t\t\t\t\t<div class=\"elementor-field-type-checkbox elementor-field-group elementor-column elementor-field-group-eszkozok elementor-col-100\">\n\t\t\t\t\t\t\t\t\t\t\t\t<label for=\"form-field-eszkozok\" class=\"elementor-field-label elementor-screen-only\">\n\t\t\t\t\t\t\t\tpost-title\t\t\t\t\t\t\t<\/label>\n\t\t\t\t\t\t<div class=\"elementor-field-subgroup  \"><span class=\"elementor-field-option\"><input type=\"checkbox\" value=\"Trockeneis f\u00fcr die Hochzeit - &quot;Tanz auf den Wolken&quot;\" id=\"form-field-eszkozok-0\" name=\"form_fields[eszkozok][]\"> <label for=\"form-field-eszkozok-0\">Trockeneis f\u00fcr die Hochzeit - \"Tanz auf den Wolken\"<\/label><\/span><span class=\"elementor-field-option\"><input type=\"checkbox\" value=\"Kaltfunkenmaschine - &quot;Hochzeitsfeuerwerk&quot;\" id=\"form-field-eszkozok-1\" name=\"form_fields[eszkozok][]\"> <label for=\"form-field-eszkozok-1\">Kaltfunkenmaschine - \"Hochzeitsfeuerwerk\"<\/label><\/span><span class=\"elementor-field-option\"><input type=\"checkbox\" value=\"Co2 &quot;Rauch&quot; Pistole\" id=\"form-field-eszkozok-2\" name=\"form_fields[eszkozok][]\"> <label for=\"form-field-eszkozok-2\">Co2 \"Rauch\" Pistole<\/label><\/span><span class=\"elementor-field-option\"><input type=\"checkbox\" value=\"Eigene Namensanimation \/ Logoprojektion\" id=\"form-field-eszkozok-3\" name=\"form_fields[eszkozok][]\"> <label for=\"form-field-eszkozok-3\">Eigene Namensanimation \/ Logoprojektion<\/label><\/span><span class=\"elementor-field-option\"><input type=\"checkbox\" value=\"Lichttechnik, Stimmungsbeleuchtung\" id=\"form-field-eszkozok-4\" name=\"form_fields[eszkozok][]\"> <label for=\"form-field-eszkozok-4\">Lichttechnik, Stimmungsbeleuchtung<\/label><\/span><span class=\"elementor-field-option\"><input type=\"checkbox\" value=\"Erstellung eines Er\u00f6ffnungstanz-Mixes\" id=\"form-field-eszkozok-5\" name=\"form_fields[eszkozok][]\"> <label for=\"form-field-eszkozok-5\">Erstellung eines Er\u00f6ffnungstanz-Mixes<\/label><\/span><span class=\"elementor-field-option\"><input type=\"checkbox\" value=\"Tontechnik\" id=\"form-field-eszkozok-6\" name=\"form_fields[eszkozok][]\"> <label for=\"form-field-eszkozok-6\">Tontechnik<\/label><\/span><span class=\"elementor-field-option\"><input type=\"checkbox\" value=\"Tagesfeuerwerk - &quot;Farbige, himmlische Rauchbombenkanone&quot;\" id=\"form-field-eszkozok-7\" name=\"form_fields[eszkozok][]\"> <label for=\"form-field-eszkozok-7\">Tagesfeuerwerk - \"Farbige, himmlische Rauchbombenkanone\"<\/label><\/span><span class=\"elementor-field-option\"><input type=\"checkbox\" value=\"Nachtfeuerwerk\" id=\"form-field-eszkozok-8\" name=\"form_fields[eszkozok][]\"> <label for=\"form-field-eszkozok-8\">Nachtfeuerwerk<\/label><\/span><\/div>\t\t\t\t<\/div>\n\t\t\t\t\t\t\t\t<div class=\"elementor-field-type-textarea elementor-field-group elementor-column elementor-field-group-uzenet elementor-col-100\">\n\t\t\t\t\t\t\t\t\t\t\t\t<label for=\"form-field-uzenet\" class=\"elementor-field-label elementor-screen-only\">\n\t\t\t\t\t\t\t\tR\u00f6vid le\u00edr\u00e1s\t\t\t\t\t\t\t<\/label>\n\t\t\t\t\t\t<textarea class=\"elementor-field-textual elementor-field  elementor-size-sm\" name=\"form_fields[uzenet]\" id=\"form-field-uzenet\" rows=\"4\" placeholder=\"Details, die Sie f\u00fcr wichtig halten\"><\/textarea>\t\t\t\t<\/div>\n\t\t\t\t\t\t\t\t<div class=\"elementor-field-type-text\">\n\t\t\t\t\t<input size=\"1\" type=\"text\" name=\"form_fields[field_3061914]\" id=\"form-field-field_3061914\" class=\"elementor-field elementor-size-sm \" style=\"display:none !important;\">\t\t\t\t<\/div>\n\t\t\t\t\t\t\t\t<div class=\"elementor-field-type-acceptance elementor-field-group elementor-column elementor-field-group-hozzajarulas elementor-col-100 elementor-field-required\">\n\t\t\t\t\t\t\t<div class=\"elementor-field-subgroup\">\n\t\t\t<span class=\"elementor-field-option\">\n\t\t\t\t<input type=\"checkbox\" name=\"form_fields[hozzajarulas]\" id=\"form-field-hozzajarulas\" class=\"elementor-field elementor-size-sm  elementor-acceptance-field\" required=\"required\">\n\t\t\t\t<label for=\"form-field-hozzajarulas\">Ich habe den <a href=\"http:\/\/latvanyosnyitotanc.hu\/adatkezelesi_tajekoztato.pdf\" target=\"_blank\" rel=\"noopener\">Datenschutzhinweis<\/a> zur Verarbeitung meiner pers\u00f6nlichen Daten f\u00fcr Angebotsanfragen und Angebotserstellung gelesen und verstanden. Ich bin mir bewusst, dass ich der Datenverarbeitung jederzeit widersprechen kann.<\/label>\t\t\t<\/span>\n\t\t<\/div>\n\t\t\t\t\t\t<\/div>\n\t\t\t\t\t\t\t\t<div class=\"elementor-field-type-recaptcha elementor-field-group elementor-column elementor-field-group-field_220da70 elementor-col-100\">\n\t\t\t\t\t<div class=\"elementor-field\" id=\"form-field-field_220da70\"><div class=\"elementor-g-recaptcha\" data-sitekey=\"6Lfpi2AgAAAAAJ62ZqTmgLxxUuBmF98qX7pNIiQ1\" data-type=\"v2_checkbox\" data-theme=\"light\" data-size=\"normal\"><\/div><\/div>\t\t\t\t<\/div>\n\t\t\t\t\t\t\t\t<div class=\"elementor-field-group elementor-column elementor-field-type-submit elementor-col-100 e-form__buttons\">\n\t\t\t\t\t<button class=\"elementor-button elementor-size-md\" type=\"submit\">\n\t\t\t\t\t\t<span class=\"elementor-button-content-wrapper\">\n\t\t\t\t\t\t\t\t\t\t\t\t\t\t\t\t\t\t\t\t\t\t<span class=\"elementor-button-text\">ANGEBOT ANFORDERN!<\/span>\n\t\t\t\t\t\t\t\t\t\t\t\t\t<\/span>\n\t\t\t\t\t<\/button>\n\t\t\t\t<\/div>\n\t\t\t<\/div>\n\t\t<\/form>\n\t\t\t\t\t\t<\/div>\n\t\t\t\t<\/div>\n\t\t\t\t<section class=\"elementor-section elementor-inner-section elementor-element elementor-element-c848469 elementor-section-boxed elementor-section-height-default elementor-section-height-default\" data-id=\"c848469\" data-element_type=\"section\" data-e-type=\"section\">\n\t\t\t\t\t\t<div class=\"elementor-container elementor-column-gap-default\">\n\t\t\t\t\t<div class=\"elementor-column elementor-col-50 elementor-inner-column elementor-element elementor-element-8897f07\" data-id=\"8897f07\" data-element_type=\"column\" data-e-type=\"column\">\n\t\t\t<div class=\"elementor-widget-wrap elementor-element-populated\">\n\t\t\t\t\t\t<div class=\"elementor-element elementor-element-3bb898f elementor-view-stacked elementor-shape-circle elementor-position-block-start elementor-mobile-position-block-start elementor-widget elementor-widget-icon-box\" data-id=\"3bb898f\" data-element_type=\"widget\" data-e-type=\"widget\" data-widget_type=\"icon-box.default\">\n\t\t\t\t<div class=\"elementor-widget-container\">\n\t\t\t\t\t\t\t<div class=\"elementor-icon-box-wrapper\">\n\n\t\t\t\t\t\t<div class=\"elementor-icon-box-icon\">\n\t\t\t\t<a href=\"tel:+36305511256\" class=\"elementor-icon\" tabindex=\"-1\" aria-label=\"Anruf\">\n\t\t\t\t<i aria-hidden=\"true\" class=\"fas fa-phone-alt\"><\/i>\t\t\t\t<\/a>\n\t\t\t<\/div>\n\t\t\t\n\t\t\t\t\t\t<div class=\"elementor-icon-box-content\">\n\n\t\t\t\t\t\t\t\t\t<h3 class=\"elementor-icon-box-title\">\n\t\t\t\t\t\t<a href=\"tel:+36305511256\" >\n\t\t\t\t\t\t\tAnruf\t\t\t\t\t\t<\/a>\n\t\t\t\t\t<\/h3>\n\t\t\t\t\n\t\t\t\t\t\t\t\t\t<p class=\"elementor-icon-box-description\">\n\t\t\t\t\t\t<a style=\"color: #ffffff\" href=\"tel:+36305511256\" target=\"_blank\" rel=\"noopener\">+36-30\/55-11-256<\/a>\t\t\t\t\t<\/p>\n\t\t\t\t\n\t\t\t<\/div>\n\t\t\t\n\t\t<\/div>\n\t\t\t\t\t\t<\/div>\n\t\t\t\t<\/div>\n\t\t\t\t\t<\/div>\n\t\t<\/div>\n\t\t\t\t<div class=\"elementor-column elementor-col-50 elementor-inner-column elementor-element elementor-element-eb4e13e\" data-id=\"eb4e13e\" data-element_type=\"column\" data-e-type=\"column\">\n\t\t\t<div class=\"elementor-widget-wrap elementor-element-populated\">\n\t\t\t\t\t\t<div class=\"elementor-element elementor-element-a04d4a4 elementor-view-stacked elementor-shape-circle elementor-position-block-start elementor-mobile-position-block-start elementor-widget elementor-widget-icon-box\" data-id=\"a04d4a4\" data-element_type=\"widget\" data-e-type=\"widget\" data-widget_type=\"icon-box.default\">\n\t\t\t\t<div class=\"elementor-widget-container\">\n\t\t\t\t\t\t\t<div class=\"elementor-icon-box-wrapper\">\n\n\t\t\t\t\t\t<div class=\"elementor-icon-box-icon\">\n\t\t\t\t<a href=\"mailto:info@latvanyosnyitotanc.hu\" class=\"elementor-icon\" tabindex=\"-1\" aria-label=\"E-Mail\">\n\t\t\t\t<i aria-hidden=\"true\" class=\"fas fa-envelope\"><\/i>\t\t\t\t<\/a>\n\t\t\t<\/div>\n\t\t\t\n\t\t\t\t\t\t<div class=\"elementor-icon-box-content\">\n\n\t\t\t\t\t\t\t\t\t<h3 class=\"elementor-icon-box-title\">\n\t\t\t\t\t\t<a href=\"mailto:info@latvanyosnyitotanc.hu\" >\n\t\t\t\t\t\t\tE-Mail\t\t\t\t\t\t<\/a>\n\t\t\t\t\t<\/h3>\n\t\t\t\t\n\t\t\t\t\t\t\t\t\t<p class=\"elementor-icon-box-description\">\n\t\t\t\t\t\t<a style=\"color: #ffffff\" href=\"mailto:info@latvanyosnyitotanc.hu\" target=\"_blank\" rel=\"noopener\">info@latvanyosnyitotanc.hu<\/a>\t\t\t\t\t<\/p>\n\t\t\t\t\n\t\t\t<\/div>\n\t\t\t\n\t\t<\/div>\n\t\t\t\t\t\t<\/div>\n\t\t\t\t<\/div>\n\t\t\t\t\t<\/div>\n\t\t<\/div>\n\t\t\t\t\t<\/div>\n\t\t<\/section>\n\t\t\t\t\t<\/div>\n\t\t<\/div>\n\t\t\t\t\t<\/div>\n\t\t<\/section>\n\t\t\t\t<\/div>\n\t\t","protected":false},"excerpt":{"rendered":"<p>F\u00fcllen Sie das Formular aus, wir werden uns innerhalb von 24 Stunden bei Ihnen melden! Anfrage Anruf +36-30\/55-11-256 E-Mail info@latvanyosnyitotanc.hu<\/p>\n","protected":false},"author":1,"featured_media":0,"parent":0,"menu_order":0,"comment_status":"closed","ping_status":"closed","template":"","meta":{"rank_math_focus_keyword":"","rank_math_title":"Angebot Anfordern \u2013 Spektakul\u00e4rer Er\u00f6ffnungstanz","rank_math_description":"Spektakul\u00e4rer Er\u00f6ffnungstanz \u2013 Kostenloses Angebot Eine schillernde neue B\u00fchnenattraktion, die eine brillante Erg\u00e4nzung f\u00fcr jede besondere Veranstaltung ist.","footnotes":""},"class_list":["post-11672","page","type-page","status-publish","hentry"],"_links":{"self":[{"href":"https:\/\/latvanyosnyitotanc.hu\/de\/wp-json\/wp\/v2\/pages\/11672","targetHints":{"allow":["GET"]}}],"collection":[{"href":"https:\/\/latvanyosnyitotanc.hu\/de\/wp-json\/wp\/v2\/pages"}],"about":[{"href":"https:\/\/latvanyosnyitotanc.hu\/de\/wp-json\/wp\/v2\/types\/page"}],"author":[{"embeddable":true,"href":"https:\/\/latvanyosnyitotanc.hu\/de\/wp-json\/wp\/v2\/users\/1"}],"replies":[{"embeddable":true,"href":"https:\/\/latvanyosnyitotanc.hu\/de\/wp-json\/wp\/v2\/comments?post=11672"}],"version-history":[{"count":0,"href":"https:\/\/latvanyosnyitotanc.hu\/de\/wp-json\/wp\/v2\/pages\/11672\/revisions"}],"wp:attachment":[{"href":"https:\/\/latvanyosnyitotanc.hu\/de\/wp-json\/wp\/v2\/media?parent=11672"}],"curies":[{"name":"wp","href":"https:\/\/api.w.org\/{rel}","templated":true}]}}